{"id":517,"date":"2021-08-06T14:08:56","date_gmt":"2021-08-06T12:08:56","guid":{"rendered":"https:\/\/bonusscenescoupees.com\/?page_id=517"},"modified":"2022-08-03T18:52:32","modified_gmt":"2022-08-03T16:52:32","slug":"ne-devenez-pas-durs","status":"publish","type":"page","link":"https:\/\/bonusscenescoupees.com\/?page_id=517","title":{"rendered":"Ne devenez pas durs !"},"content":{"rendered":"\n<div style=\"height:100px\" aria-hidden=\"true\" class=\"wp-block-spacer\"><\/div>\n\n\n\n<h3 class=\"has-text-align-center wp-block-heading\"><strong>Ne devenez pas durs !<\/strong><\/h3>\n\n\n\n<div style=\"height:100px\" aria-hidden=\"true\" class=\"wp-block-spacer\"><\/div>\n\n\n\n<p><\/p>\n\n\n\n<p><\/p>\n\n\n\n<p><\/p>\n\n\n\n<p><\/p>\n\n\n\n<p><\/p>\n\n\n\n<p class=\"has-text-align-justify custom-indent\">\u00c0 la veille de la Premi\u00e8re guerre mondiale, Heinrich, celui des deux fr\u00e8res Mann qui \u00e9tait pacifiste, disait, par la bouche de son personnage Buck, vieux et v\u00e9n\u00e9rable r\u00e9publicain de 1848&nbsp;: \u00ab&nbsp;il se pourrait qu\u2019\u00e0 travers le pays un nouveau type d\u2019individus soit en train de se r\u00e9pandre, pour qui la duret\u00e9 et la r\u00e9pression ne constituent pas le chemin p\u00e9nible vers des \u00e9tats plus humains, mais le sens m\u00eame de la vie&nbsp;\u00bb (<em><a href=\"https:\/\/www.youtube.com\/watch?v=LNmyQahcOTw\">Le sujet de l\u2019empereur<\/a><\/em>, \u00e9crit en 1914 mais publi\u00e9 en 1918, nous traduisons, empl.&nbsp;3075). Et ils sont venus. Ils sont m\u00eame venus une seconde fois, plus nombreux encore que la premi\u00e8re, et parlant toujours de \u00ab&nbsp;<em>Macht<\/em>&nbsp;\u00bb, de puissance.<\/p>\n\n\n\n<p class=\"has-text-align-justify custom-indent\">Il est peut-\u00eatre loisible, philosophiquement, de secondariser la valeur de la piti\u00e9 et de la compassion, qui s\u2019av\u00e8rent tant\u00f4t excessives et hors de propos, tant\u00f4t d\u00e9faillantes quand elles seraient requises. La piti\u00e9 \u00e9tant un affect passif, \u00e9tant, de surcro\u00eet, un affect triste, elle ne peut jamais \u00eatre bonne par elle-m\u00eame&nbsp;: pr\u00e9f\u00e9rons-lui une commis\u00e9ration raisonn\u00e9e, aux termes de laquelle nous ne faisons rien que nous ne \u00ab&nbsp;sachions avec certitude \u00eatre bon&nbsp;\u00bb (Spinoza,&nbsp;<em>\u00c9thique<\/em>, trad. Moreau, IV, 50).<\/p>\n\n\n\n<p class=\"has-text-align-justify custom-indent\">Le romancier peut suivre ici le philosophe. Stefan Zweig \u00e9voquait, en 1939, les m\u00eames ann\u00e9es de l\u2019avant-Premi\u00e8re guerre mondiale, et distinguait entre deux piti\u00e9s-compassions, la premi\u00e8re, \u00ab&nbsp;toute de faiblesse et de sentimentalit\u00e9&nbsp;\u00bb, qui n\u2019est qu\u2019 \u00ab&nbsp;impatience du c\u0153ur&nbsp;\u00bb, aspiration \u00e9go\u00efste, en son fond instinctive, \u00e0 \u00ab&nbsp;faire dispara\u00eetre au plus vite, du propre environnement, les marques de l\u2019infortune d\u2019autrui&nbsp;\u00bb, la seconde, \u00ab&nbsp;non pas sentimentale mais cr\u00e9atrice&nbsp;\u00bb, qui \u00ab&nbsp;s\u2019appr\u00eate r\u00e9solument, avec patience et com-patience, jusqu\u2019aux derni\u00e8res forces et m\u00eame au-del\u00e0 des derni\u00e8res forces, \u00e0 faire face&nbsp;\u00bb (<em>Ungeduld des Herzens [L\u2019impatience du c\u0153ur]<\/em>, \u00e9pigraphe, nous traduisons).<\/p>\n\n\n<div class=\"wp-block-image\">\n<figure class=\"alignright size-medium\"><img data-recalc-dims=\"1\" loading=\"lazy\" decoding=\"async\" width=\"189\" height=\"300\" src=\"https:\/\/i0.wp.com\/bonusscenescoupees.com\/wp-content\/uploads\/2021\/08\/51EP2Otrm9L._SX313_BO1204203200_.jpg?resize=189%2C300&#038;ssl=1\" alt=\"\" class=\"wp-image-804\" srcset=\"https:\/\/i0.wp.com\/bonusscenescoupees.com\/wp-content\/uploads\/2021\/08\/51EP2Otrm9L._SX313_BO1204203200_.jpg?resize=189%2C300&amp;ssl=1 189w, https:\/\/i0.wp.com\/bonusscenescoupees.com\/wp-content\/uploads\/2021\/08\/51EP2Otrm9L._SX313_BO1204203200_.jpg?w=315&amp;ssl=1 315w\" sizes=\"auto, (max-width: 189px) 100vw, 189px\" \/><\/figure>\n<\/div>\n\n\n<p class=\"has-text-align-justify custom-indent\">Mais voir en la compassion l\u2019adversaire m\u00eame \u00e0 vaincre en soi, le vice \u00e0 extirper, le s\u00e9quelle \u00e0 d\u00e9raciner, la tentation \u00e0 \u00e9carter, la pente fatale \u00e0 remonter toujours \u2014 la source de toute \u00ab\u00a0faiblesse\u00a0\u00bb de l\u2019 \u00ab\u00a0ancienne humanit\u00e9\u00a0\u00bb \u2014, et le faire par syst\u00e8me, en engageant les autres \u00e0 se gouverner sur des principes semblables, voil\u00e0 ce qui est philosophiquement, et m\u00eame historiquement, inexcusable. C\u2019est le\u00a0<em>\u00ab\u00a0Werdet hart!\u00a0\u00bb,<\/em>\u00a0\u00ab\u00a0Devenez durs\u00a0\u00bb, de Zarathoustra (Nietzsche,\u00a0<em>Ainsi parlait Zarathoustra<\/em>, \u00ab\u00a0D\u2019anciennes et de nouvelles tables\u00a0\u00bb, \u00a7\u00a029). C\u2019est l\u2019\u00a0\u00ab\u00a0Il faut savoir ce que l\u2019on se doit \u00e0 soi-m\u00eame\u00a0\u00bb de l\u2019apprenti aristocrate chez Heinrich Mann (empl.\u00a04035), qui parviendrait \u00e0 nous faire douter de la doctrine kantienne des devoirs envers soi-m\u00eame (car enfin, pour qui se prend-on\u00a0?!). Si en effet, terminait Spinoza, la piti\u00e9 est un affect triste, si, de plus, \u00ab\u00a0l\u2019homme qui vit sous la conduite de la raison s\u2019efforce autant qu\u2019il peut de ne pas \u00eatre touch\u00e9 par la piti\u00e9\u00a0\u00bb, toutefois \u00ab\u00a0celui qui n\u2019est pouss\u00e9 ni par la raison ni par la piti\u00e9 \u00e0 venir en aide \u00e0 autrui, celui-l\u00e0 est \u00e0 juste titre appel\u00e9 [disait le philosophe dans son vocabulaire] inhumain\u00a0\u00bb (Spinoza,\u00a0<em>ibid.<\/em>, corollaire et scolie, trad. mod.).<\/p>\n\n\n\n<div style=\"height:100px\" aria-hidden=\"true\" class=\"wp-block-spacer\"><\/div>\n\n\n\n<p><a href=\"https:\/\/bonusscenescoupees.com\/?page_id=515\">page pr\u00e9c\u00e9dente<\/a><\/p>\n","protected":false},"excerpt":{"rendered":"<p>Ne devenez pas durs ! \u00c0 la veille de la Premi\u00e8re guerre mondiale, Heinrich, celui des deux fr\u00e8res Mann qui \u00e9tait pacifiste, disait, par la bouche de son personnage Buck,&hellip;<\/p>\n","protected":false},"author":1,"featured_media":0,"parent":0,"menu_order":0,"comment_status":"closed","ping_status":"closed","template":"","meta":{"nf_dc_page":"","om_disable_all_campaigns":false,"WB4WB4WP_MODE":"","WB4WP_PAGE_SCRIPTS":"","WB4WP_PAGE_STYLES":"","WB4WP_PAGE_FONTS":"","WB4WP_PAGE_HEADER":"","WB4WP_PAGE_FOOTER":"","_monsterinsights_skip_tracking":false,"_monsterinsights_sitenote_active":false,"_monsterinsights_sitenote_note":"","_monsterinsights_sitenote_category":0,"footnotes":""},"class_list":["post-517","page","type-page","status-publish","hentry"],"aioseo_notices":[],"jetpack_sharing_enabled":true,"_links":{"self":[{"href":"https:\/\/bonusscenescoupees.com\/index.php?rest_route=\/wp\/v2\/pages\/517","targetHints":{"allow":["GET"]}}],"collection":[{"href":"https:\/\/bonusscenescoupees.com\/index.php?rest_route=\/wp\/v2\/pages"}],"about":[{"href":"https:\/\/bonusscenescoupees.com\/index.php?rest_route=\/wp\/v2\/types\/page"}],"author":[{"embeddable":true,"href":"https:\/\/bonusscenescoupees.com\/index.php?rest_route=\/wp\/v2\/users\/1"}],"replies":[{"embeddable":true,"href":"https:\/\/bonusscenescoupees.com\/index.php?rest_route=%2Fwp%2Fv2%2Fcomments&post=517"}],"version-history":[{"count":5,"href":"https:\/\/bonusscenescoupees.com\/index.php?rest_route=\/wp\/v2\/pages\/517\/revisions"}],"predecessor-version":[{"id":1933,"href":"https:\/\/bonusscenescoupees.com\/index.php?rest_route=\/wp\/v2\/pages\/517\/revisions\/1933"}],"wp:attachment":[{"href":"https:\/\/bonusscenescoupees.com\/index.php?rest_route=%2Fwp%2Fv2%2Fmedia&parent=517"}],"curies":[{"name":"wp","href":"https:\/\/api.w.org\/{rel}","templated":true}]}}