{"id":513,"date":"2021-08-06T12:56:30","date_gmt":"2021-08-06T10:56:30","guid":{"rendered":"https:\/\/bonusscenescoupees.com\/?page_id=513"},"modified":"2021-12-16T20:53:25","modified_gmt":"2021-12-16T18:53:25","slug":"lattrait-de-locculte-en-politique","status":"publish","type":"page","link":"https:\/\/bonusscenescoupees.com\/?page_id=513","title":{"rendered":"L&#8217;attrait de l&#8217;occulte en politique"},"content":{"rendered":"\n<div style=\"height:100px\" aria-hidden=\"true\" class=\"wp-block-spacer\"><\/div>\n\n\n\n<h3 class=\"has-text-align-center wp-block-heading\"><strong>L&#8217;attrait de l&#8217;occulte en politique<\/strong><\/h3>\n\n\n\n<div style=\"height:100px\" aria-hidden=\"true\" class=\"wp-block-spacer\"><\/div>\n\n\n\n<p class=\"has-text-align-justify custom-indent\">Une des le\u00e7ons du c\u00e9l\u00e8bre roman d\u2019Umberto Eco&nbsp;<em>Le pendule de Foucault<\/em>&nbsp;est que l\u2019\u00e9sot\u00e9risme est toujours un \u00e9clectisme. Ce qui signifie&nbsp;: d\u00e8s lors qu\u2019on entreprend de d\u00e9couvrir un secret et qu\u2019on se fascine pour lui, on est port\u00e9 \u00e0 croire, ainsi les \u00ab&nbsp;diaboliques&nbsp;\u00bb dans ce r\u00e9cit, que le&nbsp;<em>m\u00eame<\/em>&nbsp;secret livrerait la cl\u00e9 de toutes les \u00e9nigmes, le chiffre de tous les codes, le sens de tous les myst\u00e8res qu\u2019a rencontr\u00e9s l\u2019humanit\u00e9 ou qu\u2019elle s\u2019est cr\u00e9\u00e9s. Le sens des proportions de la Grande pyramide&nbsp;ou du Temple de Salomon, le lieu o\u00f9 est cach\u00e9 le Graal, le contenu du serment des Templiers, des Rose-Croix, de la Jarreti\u00e8re&nbsp;et de la Toison d\u2019or, la nature du tr\u00e9sor de Rennes-le-Ch\u00e2teau, la composition du philtre d\u2019immortalit\u00e9 du comte de Saint-Germain, le nom de l\u2019ordonnateur unique des grands massacres de l\u2019Histoire, tout cela r\u00e9pondrait \u00e0 la&nbsp;<em>m\u00eame<\/em>&nbsp;question, r\u00e9soudrait le&nbsp;<em>m\u00eame<\/em>&nbsp;probl\u00e8me, car tout est&nbsp;<em>signe<\/em>&nbsp;de tout. Vertige du m\u00eame, de l\u2019unification ultime, de l\u2019unit\u00e9 cach\u00e9e, que le philosophe-romancier nous invite \u00e0 consid\u00e9rer tout \u00e0 la fois avec un humour ennemi de la confusion, et avec une m\u00e9fiance de sceptique intransigeant.<\/p>\n\n\n\n<div class=\"wp-block-image\"><figure class=\"aligncenter size-full is-resized\"><img data-recalc-dims=\"1\" loading=\"lazy\" decoding=\"async\" src=\"https:\/\/i0.wp.com\/bonusscenescoupees.com\/wp-content\/uploads\/2021\/08\/Rosicrucianisme.png?resize=504%2C630&#038;ssl=1\" alt=\"\" class=\"wp-image-777\" width=\"504\" height=\"630\" srcset=\"https:\/\/i0.wp.com\/bonusscenescoupees.com\/wp-content\/uploads\/2021\/08\/Rosicrucianisme.png?w=751&amp;ssl=1 751w, https:\/\/i0.wp.com\/bonusscenescoupees.com\/wp-content\/uploads\/2021\/08\/Rosicrucianisme.png?resize=240%2C300&amp;ssl=1 240w\" sizes=\"auto, (max-width: 504px) 100vw, 504px\" \/><figcaption>Gravure illustrant le <em>Speculum sophicum rodostauroticum<\/em> (<em>Miroir de la sagesse des Rose-Croix<\/em>), publi\u00e9 par Theophilus Schweighart (pseudonyme de l&#8217;astronome Daniel M\u00f6gling) \u00e0 Francfort en 1618 ; reproduit dans les \u00e9ditions italiennes du <em>Pendule de Foucault<\/em> (photo Wikicommons, domaine public)<\/figcaption><\/figure><\/div>\n\n\n\n<p class=\"has-text-align-justify custom-indent\">Lovecraft, le romancier am\u00e9ricain dont les opinions x\u00e9nophobes sont attest\u00e9es, ne faisait preuve ni de la m\u00eame m\u00e9fiance, ni du m\u00eame humour, lorsqu\u2019il se livrait, dans la construction du personnage de Chtulu et de son monde imaginaire, au panachage \u00e0 peu pr\u00e8s sans reste de tout ce qui est propre \u00e0 inqui\u00e9ter l\u2019\u00e2me humaine&nbsp;: religion, \u00e9sot\u00e9risme, folie, r\u00eave, souvenirs imm\u00e9moriaux, g\u00e9om\u00e9tries non euclidiennes. Les deux branches de la tenaille se resserrent&nbsp;\u00e0 nouveau : d\u2019une part il&nbsp;y&nbsp;a&nbsp;<em>du<\/em>&nbsp;secret, d\u2019autre part&nbsp;<em>tous<\/em>&nbsp;les secrets communiquent.<\/p>\n\n\n\n<p class=\"has-text-align-justify custom-indent\">Humour et m\u00e9fiance, donc. C\u2019est-\u00e0-dire, distance et recul, esprit de clart\u00e9, de distinction et d\u2019examen, mais aussi pr\u00e9jug\u00e9 tr\u00e8s d\u00e9favorable, par conscience du p\u00e9ril, envers les causes tout entendues et les assimilations pr\u00e9matur\u00e9es. Face aux d\u00e9nonciateurs de complots, aux d\u00e9couvreurs de machinations, aux d\u00e9voileurs de conspirations, tout cela, aujourd\u2019hui encore, est requis. Que l\u2019on observe en effet comment ils s\u2019y prennent&nbsp;: \u00e0 l\u2019\u0153uvre derri\u00e8re un \u00e9v\u00e9nement, il y a une d\u00e9cision secr\u00e8te, mais cette d\u00e9cision secr\u00e8te s\u2019ensuit elle-m\u00eame d\u2019une autre d\u00e9cision secr\u00e8te \u00e0 l\u2019\u0153uvre derri\u00e8re un \u00e9v\u00e9nement d\u2019une plus grande ampleur, qui elle-m\u00eame s\u2019ensuit d\u2019autres d\u00e9cisions plus importantes encore, jusqu\u2019\u00e0 ce qu\u2019une organisation coh\u00e9rente, mais cach\u00e9e, du monde, \u00e9difi\u00e9e en vue de la poursuite de certains int\u00e9r\u00eats exclusifs des autres, finisse par appara\u00eetre \u2014 ou plut\u00f4t&nbsp;: par se laisser soup\u00e7onner.<\/p>\n\n\n\n<p class=\"has-text-align-justify custom-indent\">Et s\u2019il est extraordinairement difficile de dissiper les prestiges de ce type d\u2019inf\u00e9rences sur l\u2019esprit humain, c\u2019est qu\u2019il se laisse ici d\u00e9voyer par ce qu\u2019il a de meilleur, \u00e0 savoir le <a href=\"https:\/\/bonusscenescoupees.com\/?page_id=390\">d\u00e9sir de comprendre<\/a>, de d\u00e9masquer, et d\u2019\u00eatre coh\u00e9rent avec soi-m\u00eame \u2014 \u00e0 quoi se joignent il est vrai, chez certain.e.s, la vanit\u00e9 d\u2019avoir compris le premier, et l\u2019\u00e9troitesse de la m\u00e9moire&nbsp;: car le simple est plus facile \u00e0 retenir que le complexe.<\/p>\n\n\n\n<div style=\"height:100px\" aria-hidden=\"true\" class=\"wp-block-spacer\"><\/div>\n\n\n\n<div class=\"wp-block-columns is-layout-flex wp-container-core-columns-is-layout-9d6595d7 wp-block-columns-is-layout-flex\">\n<div class=\"wp-block-column is-layout-flow wp-block-column-is-layout-flow\">\n<p><a href=\"https:\/\/bonusscenescoupees.com\/?page_id=511\">page pr\u00e9c\u00e9dente<\/a><\/p>\n<\/div>\n\n\n\n<div class=\"wp-block-column is-layout-flow wp-block-column-is-layout-flow\">\n<p class=\"has-text-align-right\"><a href=\"https:\/\/bonusscenescoupees.com\/?page_id=515\">page suivante<\/a><\/p>\n<\/div>\n<\/div>\n","protected":false},"excerpt":{"rendered":"<p>L&#8217;attrait de l&#8217;occulte en politique Une des le\u00e7ons du c\u00e9l\u00e8bre roman d\u2019Umberto Eco&nbsp;Le pendule de Foucault&nbsp;est que l\u2019\u00e9sot\u00e9risme est toujours un \u00e9clectisme. Ce qui signifie&nbsp;: d\u00e8s lors qu\u2019on entreprend de&hellip;<\/p>\n","protected":false},"author":1,"featured_media":0,"parent":0,"menu_order":0,"comment_status":"closed","ping_status":"closed","template":"","meta":{"nf_dc_page":"","om_disable_all_campaigns":false,"WB4WB4WP_MODE":"","WB4WP_PAGE_SCRIPTS":"","WB4WP_PAGE_STYLES":"","WB4WP_PAGE_FONTS":"","WB4WP_PAGE_HEADER":"","WB4WP_PAGE_FOOTER":"","_monsterinsights_skip_tracking":false,"_monsterinsights_sitenote_active":false,"_monsterinsights_sitenote_note":"","_monsterinsights_sitenote_category":0,"footnotes":""},"class_list":["post-513","page","type-page","status-publish","hentry"],"aioseo_notices":[],"jetpack_sharing_enabled":true,"_links":{"self":[{"href":"https:\/\/bonusscenescoupees.com\/index.php?rest_route=\/wp\/v2\/pages\/513","targetHints":{"allow":["GET"]}}],"collection":[{"href":"https:\/\/bonusscenescoupees.com\/index.php?rest_route=\/wp\/v2\/pages"}],"about":[{"href":"https:\/\/bonusscenescoupees.com\/index.php?rest_route=\/wp\/v2\/types\/page"}],"author":[{"embeddable":true,"href":"https:\/\/bonusscenescoupees.com\/index.php?rest_route=\/wp\/v2\/users\/1"}],"replies":[{"embeddable":true,"href":"https:\/\/bonusscenescoupees.com\/index.php?rest_route=%2Fwp%2Fv2%2Fcomments&post=513"}],"version-history":[{"count":5,"href":"https:\/\/bonusscenescoupees.com\/index.php?rest_route=\/wp\/v2\/pages\/513\/revisions"}],"predecessor-version":[{"id":1870,"href":"https:\/\/bonusscenescoupees.com\/index.php?rest_route=\/wp\/v2\/pages\/513\/revisions\/1870"}],"wp:attachment":[{"href":"https:\/\/bonusscenescoupees.com\/index.php?rest_route=%2Fwp%2Fv2%2Fmedia&parent=513"}],"curies":[{"name":"wp","href":"https:\/\/api.w.org\/{rel}","templated":true}]}}