{"id":509,"date":"2021-08-06T12:51:49","date_gmt":"2021-08-06T10:51:49","guid":{"rendered":"https:\/\/bonusscenescoupees.com\/?page_id=509"},"modified":"2021-12-16T14:55:33","modified_gmt":"2021-12-16T12:55:33","slug":"les-intellectuels-en-politique","status":"publish","type":"page","link":"https:\/\/bonusscenescoupees.com\/?page_id=509","title":{"rendered":"Les intellectuels en politique"},"content":{"rendered":"\n<div style=\"height:100px\" aria-hidden=\"true\" class=\"wp-block-spacer\"><\/div>\n\n\n\n<h3 class=\"has-text-align-center wp-block-heading\"><strong>Les intellectuels en politique<\/strong><\/h3>\n\n\n\n<div style=\"height:100px\" aria-hidden=\"true\" class=\"wp-block-spacer\"><\/div>\n\n\n\n<p><\/p>\n\n\n\n<p><\/p>\n\n\n\n<p><\/p>\n\n\n\n<p><\/p>\n\n\n\n<p><\/p>\n\n\n\n<p class=\"has-text-align-justify custom-indent\">Puissent les politiques, mais aussi leurs \u00e9lecteur.e.s, apprendre \u00e0 se m\u00e9fier de \u00ab ce disciple-roi qui est pour les philosophes l\u2019ultime chim\u00e8re \u00bb, comme en avertissait Marguerite Yourcernar (<em>L\u2019\u0153uvre au noir<\/em>, empl. 2351). Sans doute visait-elle des exemples historiques, comme celui de Denys II de&nbsp;Syracuse, le tyran f\u00e9roce que Platon avait esp\u00e9r\u00e9 dompter. Et de fait, il \u00e9tait conforme \u00e0 la conception platonicienne des rapports entre les \u00ab&nbsp;intellectuels&nbsp;\u00bb et la politique, que de souhaiter, soit que les philosophes deviennent rois, soit que les rois deviennent philosophes. La premi\u00e8re option \u00e9tant bient\u00f4t apparue impraticable au philosophe d\u2019Ath\u00e8nes, il semble s\u2019\u00eatre rabattu sur la seconde&nbsp;; mais l\u2019objectif demeurait identique, \u00e0 savoir, installer l\u2019intellectuel aux postes de commande. Satisfaire, par l\u00e0, son aspiration \u00e0 commander. C\u2019est bien pourquoi le disciple-roi est une \u00ab&nbsp;ultime&nbsp;\u00bb chim\u00e8re&nbsp;: le philosophe, s\u2019il n\u2019en tenait qu\u2019\u00e0 lui, exercerait&nbsp;<em>lui-m\u00eame<\/em>&nbsp;le pouvoir.<\/p>\n\n\n\n<p class=\"has-text-align-justify custom-indent\">Qui domine un \u00ab&nbsp;disciple-roi&nbsp;\u00bb passe un compromis bien commode&nbsp;: il prend sa part de la d\u00e9cision politique et de ses griseries, mais ne s\u2019en rend pas comptable. \u2014 Indigne partage des t\u00e2ches&nbsp;: aux tr\u00e8s dipl\u00f4m\u00e9.e.s les d\u00e9cisions d\u00e8s le premier jour, aux b\u00e9n\u00e9voles les besognes \u00e0 jamais. On suppose par l\u00e0 m\u00eame, d\u2019une fa\u00e7on tr\u00e8s d\u00e9sobligeante pour les politiques eux-m\u00eames, qu\u2019ils ont besoin, faute de lumi\u00e8res, d\u2019un instituteur, et ne sont qualifi\u00e9.e.s que pour le seul \u00ab&nbsp;terrain&nbsp;\u00bb. Le plus souvent pourtant, les politiques mesurent tr\u00e8s bien \u2014 pour le meilleur et pour le pire&nbsp;! \u00ad\u2014 les tenants et les aboutissants de ce qu\u2019ils comptent faire, et si un.e intellectuel.le envisage de \u00ab&nbsp;se lancer&nbsp;\u00bb en politique, alors il satisfera beaucoup mieux aux exigences de la probit\u00e9 et de l\u2019efficacit\u00e9 en se faisant lui-m\u00eame acteur.e \u00e0 part enti\u00e8re, qu\u2019en pr\u00e9tendant rester un \u00ab&nbsp;conseiller du prince&nbsp;\u00bb.<\/p>\n\n\n\n<div style=\"height:100px\" aria-hidden=\"true\" class=\"wp-block-spacer\"><\/div>\n\n\n\n<p class=\"has-text-align-justify custom-indent\">Ce jugement demande \u00e0 \u00eatre temp\u00e9r\u00e9. O\u00f9 puis-je \u00eatre le plus utile&nbsp;? O\u00f9 chacun.e peut-il \u00eatre, face \u00e0 l\u2019urgence politique (comme la mont\u00e9e actuelle des extr\u00eames droites d\u00e9magogiques), le plus utile&nbsp;? C\u2019est une question que tout.e intellectuel.le peut \u00e0 bon droit se poser. Et la r\u00e9ponse para\u00eet couler de source&nbsp;: chacun.e est le plus utile \u00e0 faire ce qu\u2019il fait le mieux, le professeur \u00e0 professer, l\u2019\u00e9crivain \u00e0 \u00e9crire, le militant \u00e0 militer. Ajoutons-y la fr\u00e9quente d\u00e9sillusion de l\u2019intellectuel.le qui a sinc\u00e8rement embrass\u00e9 une cause, qui a fait le louable choix du militantisme de terrain, mais que, sans d\u2019ailleurs penser \u00e0 mal, on emploie en d\u00e9finitive \u00e0 coller des affiches ou \u00e0 distribuer des tracts pour l\u2019ambitieux.se local.e. La tentation est forte de se reporter sur l\u2019engagement syndical, associatif, mutualiste, o\u00f9 les app\u00e2ts de la notori\u00e9t\u00e9 font tourner beaucoup moins de t\u00eates&nbsp;(\u00e0 combien de rangs serai-je assis du leader&nbsp;? Viendra-t-il me serrer la main&nbsp;?). Ou de s&#8217;en retourner \u00e9crire des livres, des articles et des \u00e9ditoriaux, ce dont tout le monde n\u2019est certes pas capable, et qui, parfois, peut m\u00eame infl\u00e9chir le cours des choses. \u2014 Mais c\u2019est le principe qui est \u00e0 revoir.<\/p>\n\n\n\n<div class=\"wp-block-image\"><figure class=\"aligncenter size-full is-resized\"><img data-recalc-dims=\"1\" loading=\"lazy\" decoding=\"async\" src=\"https:\/\/i0.wp.com\/bonusscenescoupees.com\/wp-content\/uploads\/2021\/12\/Georges-Politzer.jpg?resize=436%2C255&#038;ssl=1\" alt=\"\" class=\"wp-image-1768\" width=\"436\" height=\"255\" srcset=\"https:\/\/i0.wp.com\/bonusscenescoupees.com\/wp-content\/uploads\/2021\/12\/Georges-Politzer.jpg?w=375&amp;ssl=1 375w, https:\/\/i0.wp.com\/bonusscenescoupees.com\/wp-content\/uploads\/2021\/12\/Georges-Politzer.jpg?resize=300%2C176&amp;ssl=1 300w\" sizes=\"auto, (max-width: 436px) 100vw, 436px\" \/><figcaption>Georges Politzer photographi\u00e9 par le Service de l\u2019identit\u00e9 judiciaire, une semaine avant d\u2019\u00eatre fusill\u00e9 au Mont Val\u00e9rien (photo du 16 f\u00e9vrier 1942, \u00a9 Archives de la Pr\u00e9fecture de Paris)<\/figcaption><\/figure><\/div>\n\n\n\n<p class=\"has-text-align-justify custom-indent\">Si chacun.e s\u2019\u00e9tait born\u00e9.e \u00e0 ce qu\u2019il fait (ou croit faire) le mieux, Cavaill\u00e8s serait rest\u00e9 math\u00e9maticien, Politzer philosophe, Germaine Tillion ethnologue. Solution relativement confortable, qui aurait peut-\u00eatre \u00e9vit\u00e9 aux deux premiers d\u2019\u00eatre ex\u00e9cut\u00e9s par les Allemands, et \u00e0 la troisi\u00e8me de passer dix-huit mois au camp de Ravensbr\u00fcck. Mais qui aurait profond\u00e9ment d\u00e9grad\u00e9 les conditions d\u2019existence de tou.te.s les autres europ\u00e9en.e.s, et humain.e.s, pour toutes les d\u00e9cennies \u00e0 venir. Ils n\u2019ont pas fait ce qu\u2019ils faisaient le mieux. Il leur fallut apprendre. Furent-ils d\u2019abord maladroits&nbsp;dans le maniement des armes et indociles \u00e0 la terrible discipline&nbsp;? Probablement. Ont-ils connu le p\u00e9ril&nbsp;? Certes, et au plus haut point. Mais dans ces circonstances exceptionnelles \u2014 et sans doute une bonne partie de la question \u00ab&nbsp;O\u00f9 puis-je \u00eatre le plus utile&nbsp;? \u00bb tient-elle au juste discernement des conjonctures ou des situations \u2014 ils ont effectivement \u00e9t\u00e9&nbsp;<em>utiles<\/em>.<\/p>\n\n\n\n<div style=\"height:100px\" aria-hidden=\"true\" class=\"wp-block-spacer\"><\/div>\n\n\n\n<div class=\"wp-block-columns is-layout-flex wp-container-core-columns-is-layout-9d6595d7 wp-block-columns-is-layout-flex\">\n<div class=\"wp-block-column is-layout-flow wp-block-column-is-layout-flow\">\n<p><a href=\"https:\/\/bonusscenescoupees.com\/?page_id=507\">page pr\u00e9c\u00e9dente<\/a><\/p>\n<\/div>\n\n\n\n<div class=\"wp-block-column is-layout-flow wp-block-column-is-layout-flow\">\n<p class=\"has-text-align-right\"><a href=\"https:\/\/bonusscenescoupees.com\/?page_id=511\">page suivante<\/a><\/p>\n<\/div>\n<\/div>\n","protected":false},"excerpt":{"rendered":"<p>Les intellectuels en politique Puissent les politiques, mais aussi leurs \u00e9lecteur.e.s, apprendre \u00e0 se m\u00e9fier de \u00ab ce disciple-roi qui est pour les philosophes l\u2019ultime chim\u00e8re \u00bb, comme en avertissait&hellip;<\/p>\n","protected":false},"author":1,"featured_media":0,"parent":0,"menu_order":0,"comment_status":"closed","ping_status":"closed","template":"","meta":{"nf_dc_page":"","om_disable_all_campaigns":false,"WB4WB4WP_MODE":"","WB4WP_PAGE_SCRIPTS":"","WB4WP_PAGE_STYLES":"","WB4WP_PAGE_FONTS":"","WB4WP_PAGE_HEADER":"","WB4WP_PAGE_FOOTER":"","_monsterinsights_skip_tracking":false,"_monsterinsights_sitenote_active":false,"_monsterinsights_sitenote_note":"","_monsterinsights_sitenote_category":0,"footnotes":""},"class_list":["post-509","page","type-page","status-publish","hentry"],"aioseo_notices":[],"jetpack_sharing_enabled":true,"_links":{"self":[{"href":"https:\/\/bonusscenescoupees.com\/index.php?rest_route=\/wp\/v2\/pages\/509","targetHints":{"allow":["GET"]}}],"collection":[{"href":"https:\/\/bonusscenescoupees.com\/index.php?rest_route=\/wp\/v2\/pages"}],"about":[{"href":"https:\/\/bonusscenescoupees.com\/index.php?rest_route=\/wp\/v2\/types\/page"}],"author":[{"embeddable":true,"href":"https:\/\/bonusscenescoupees.com\/index.php?rest_route=\/wp\/v2\/users\/1"}],"replies":[{"embeddable":true,"href":"https:\/\/bonusscenescoupees.com\/index.php?rest_route=%2Fwp%2Fv2%2Fcomments&post=509"}],"version-history":[{"count":5,"href":"https:\/\/bonusscenescoupees.com\/index.php?rest_route=\/wp\/v2\/pages\/509\/revisions"}],"predecessor-version":[{"id":1868,"href":"https:\/\/bonusscenescoupees.com\/index.php?rest_route=\/wp\/v2\/pages\/509\/revisions\/1868"}],"wp:attachment":[{"href":"https:\/\/bonusscenescoupees.com\/index.php?rest_route=%2Fwp%2Fv2%2Fmedia&parent=509"}],"curies":[{"name":"wp","href":"https:\/\/api.w.org\/{rel}","templated":true}]}}