{"id":507,"date":"2021-08-06T12:45:21","date_gmt":"2021-08-06T10:45:21","guid":{"rendered":"https:\/\/bonusscenescoupees.com\/?page_id=507"},"modified":"2021-12-09T21:50:52","modified_gmt":"2021-12-09T19:50:52","slug":"sur-le-sectarisme","status":"publish","type":"page","link":"https:\/\/bonusscenescoupees.com\/?page_id=507","title":{"rendered":"Sur le \u00ab sectarisme \u00bb"},"content":{"rendered":"\n<div style=\"height:100px\" aria-hidden=\"true\" class=\"wp-block-spacer\"><\/div>\n\n\n\n<h3 class=\"has-text-align-center wp-block-heading\"><strong>Sur le \u00ab sectarisme \u00bb<\/strong><\/h3>\n\n\n\n<div style=\"height:100px\" aria-hidden=\"true\" class=\"wp-block-spacer\"><\/div>\n\n\n\n<p class=\"has-text-align-justify custom-indent\">En politique <a href=\"https:\/\/bonusscenescoupees.com\/?page_id=359\">comme en philosophie<\/a>, l\u2019issue de bien des d\u00e9bats est pr\u00e9d\u00e9termin\u00e9e par le choix des termes dans lesquels on les formule. Personne ne s\u2019avisera de d\u00e9fendre le \u00ab&nbsp;sectarisme&nbsp;\u00bb en politique, parce que le&nbsp;<em>mot<\/em>&nbsp;lui-m\u00eame enveloppe un jugement d\u00e9pr\u00e9ciatif. Mais le \u00ab&nbsp;sectarisme&nbsp;\u00bb que les femmes et hommes de droite imputent \u00e0 la gauche, ce peut \u00eatre en r\u00e9alit\u00e9 ce&nbsp;<em>sens du collectif<\/em>&nbsp;que cultivent en effet les femmes et hommes de gauche, dans un contraste si flagrant avec le culte, \u00e0 droite, de la d\u00e9cision individuelle (appel\u00e9e alors \u00ab&nbsp;ind\u00e9pendance d\u2019esprit&nbsp;\u00bb).<\/p>\n\n\n\n<p class=\"has-text-align-justify custom-indent\">\u00ab&nbsp;Je pr\u00e9f\u00e8re mon pays \u00e0 mon parti&nbsp;\u00bb, dit-on parfois en fran\u00e7ais&nbsp;(car l\u2019assonance serait plus difficile en espagnol, en italien ou en allemand) : souvent une noble mani\u00e8re de pr\u00e9parer les esprits \u00e0 sa d\u00e9fection prochaine.<\/p>\n\n\n\n<p class=\"has-text-align-justify custom-indent\">Dans les \u00e9poques tourment\u00e9es, celles o\u00f9 se fait sentir une aspiration au \u00ab&nbsp;renouvellement des \u00e9lites politiques&nbsp;\u00bb, les gouvernements recourent volontiers \u00e0 des technicien.ne.s ou \u00e0 des \u00ab&nbsp;membres de la soci\u00e9t\u00e9 civile&nbsp;\u00bb&nbsp;: on vante leur \u00ab&nbsp;connaissance des dossiers&nbsp;\u00bb, et on fl\u00e9trit ces \u00ab&nbsp;hommes et femmes d\u2019appareil&nbsp;\u00bb qui ne devraient leurs places qu\u2019\u00e0 leurs client\u00e8les propres. Derri\u00e8re la qualification malveillante d\u2019 \u00ab&nbsp;homme&nbsp;\u00bb ou de \u00ab&nbsp;femme d\u2019appareil&nbsp;\u00bb se retrouve certes, parfois, l\u2019intrigant.e incomp\u00e9tent.e&nbsp;; mais aussi, souvent, le militant ou la militante, engag\u00e9.e de longue date, empreint.e de convictions \u00e0 mettre en \u0153uvre, et d\u2019une r\u00e9elle int\u00e9grit\u00e9 \u00e0 refuser les transactions que ne manquent pas de pr\u00e9coniser les successeur.e.s \u00e9ventuels, ou les pr\u00e9d\u00e9cesseur.e.s.<\/p>\n\n\n\n<div style=\"height:100px\" aria-hidden=\"true\" class=\"wp-block-spacer\"><\/div>\n\n\n\n<div class=\"wp-block-columns is-layout-flex wp-container-core-columns-is-layout-9d6595d7 wp-block-columns-is-layout-flex\">\n<div class=\"wp-block-column is-layout-flow wp-block-column-is-layout-flow\">\n<p><a href=\"https:\/\/bonusscenescoupees.com\/?page_id=498\">page pr\u00e9c\u00e9dente<\/a><\/p>\n<\/div>\n\n\n\n<div class=\"wp-block-column is-layout-flow wp-block-column-is-layout-flow\">\n<p class=\"has-text-align-right\"><a href=\"https:\/\/bonusscenescoupees.com\/?page_id=509\">page suivante<\/a><\/p>\n<\/div>\n<\/div>\n","protected":false},"excerpt":{"rendered":"<p>Sur le \u00ab sectarisme \u00bb En politique comme en philosophie, l\u2019issue de bien des d\u00e9bats est pr\u00e9d\u00e9termin\u00e9e par le choix des termes dans lesquels on les formule. Personne ne s\u2019avisera&hellip;<\/p>\n","protected":false},"author":1,"featured_media":0,"parent":0,"menu_order":0,"comment_status":"closed","ping_status":"closed","template":"","meta":{"nf_dc_page":"","om_disable_all_campaigns":false,"WB4WB4WP_MODE":"","WB4WP_PAGE_SCRIPTS":"","WB4WP_PAGE_STYLES":"","WB4WP_PAGE_FONTS":"","WB4WP_PAGE_HEADER":"","WB4WP_PAGE_FOOTER":"","_monsterinsights_skip_tracking":false,"_monsterinsights_sitenote_active":false,"_monsterinsights_sitenote_note":"","_monsterinsights_sitenote_category":0,"footnotes":""},"class_list":["post-507","page","type-page","status-publish","hentry"],"aioseo_notices":[],"jetpack_sharing_enabled":true,"_links":{"self":[{"href":"https:\/\/bonusscenescoupees.com\/index.php?rest_route=\/wp\/v2\/pages\/507","targetHints":{"allow":["GET"]}}],"collection":[{"href":"https:\/\/bonusscenescoupees.com\/index.php?rest_route=\/wp\/v2\/pages"}],"about":[{"href":"https:\/\/bonusscenescoupees.com\/index.php?rest_route=\/wp\/v2\/types\/page"}],"author":[{"embeddable":true,"href":"https:\/\/bonusscenescoupees.com\/index.php?rest_route=\/wp\/v2\/users\/1"}],"replies":[{"embeddable":true,"href":"https:\/\/bonusscenescoupees.com\/index.php?rest_route=%2Fwp%2Fv2%2Fcomments&post=507"}],"version-history":[{"count":5,"href":"https:\/\/bonusscenescoupees.com\/index.php?rest_route=\/wp\/v2\/pages\/507\/revisions"}],"predecessor-version":[{"id":1826,"href":"https:\/\/bonusscenescoupees.com\/index.php?rest_route=\/wp\/v2\/pages\/507\/revisions\/1826"}],"wp:attachment":[{"href":"https:\/\/bonusscenescoupees.com\/index.php?rest_route=%2Fwp%2Fv2%2Fmedia&parent=507"}],"curies":[{"name":"wp","href":"https:\/\/api.w.org\/{rel}","templated":true}]}}