{"id":390,"date":"2021-08-04T19:16:43","date_gmt":"2021-08-04T17:16:43","guid":{"rendered":"https:\/\/bonusscenescoupees.com\/?page_id=390"},"modified":"2023-11-06T21:10:58","modified_gmt":"2023-11-06T19:10:58","slug":"sur-la-question-quest-ce-que-lintelligence","status":"publish","type":"page","link":"https:\/\/bonusscenescoupees.com\/?page_id=390","title":{"rendered":"Sur la question \u00ab Qu\u2019est-ce que l\u2019intelligence ? \u00bb"},"content":{"rendered":"\n<div style=\"height:100px\" aria-hidden=\"true\" class=\"wp-block-spacer\"><\/div>\n\n\n\n<h3 class=\"wp-block-heading has-text-align-center\"><strong>Sur la question \u00ab Qu\u2019est-ce que l\u2019intelligence ? \u00bb<\/strong><\/h3>\n\n\n\n<div style=\"height:100px\" aria-hidden=\"true\" class=\"wp-block-spacer\"><\/div>\n\n\n\n<p class=\"custom-indent has-text-align-justify\">Qu\u2019est-ce que l\u2019intelligence&nbsp;? Quiconque pr\u00e9tend \u00e0 le savoir, se donne pour \u00e9talon de l\u2019intelligence. N\u2019est-il pas vrai que de dire de quelqu\u2019un qu\u2019il est intelligent, c\u2019est pr\u00e9sumer qu\u2019on l\u2019est soi-m\u00eame davantage ? Il y a donc une outrecuidance extr\u00eame \u00e0 poser cette question, si bien qu\u2019on pourrait \u00eatre tent\u00e9 de mettre en doute son bien-fond\u00e9.<\/p>\n\n\n\n<p class=\"custom-indent has-text-align-justify\">Pourtant, celle ou celui \u00e0 qui il a \u00e9t\u00e9 donn\u00e9 de fr\u00e9quenter parmi les savants, les politiques ou les artistes, et qui s\u2019est toujours efforc\u00e9 de cultiver parmi eux des relations&nbsp;<em>amicales<\/em>, ne peut pas ne pas avoir accumul\u00e9, au cours de cette exp\u00e9rience, un certain nombre d\u2019observations, potentiellement utiles non seulement \u00e0 lui-m\u00eame, mais aussi, \u00e0 quiconque souhaiterait savoir ce qu\u2019il en est du&nbsp;<em>talent intellectuel<\/em>, une fois qu\u2019il est attest\u00e9 par des r\u00e9alisations. Voil\u00e0 donc le type d\u2019observations que l\u2019on trouvera dans ce qui suit.<\/p>\n\n\n\n<p class=\"custom-indent has-text-align-justify\">Au nombre des divers caract\u00e8res de l\u2019esprit et du corps composant ce que plusieurs langues appellent \u00ab&nbsp;intelligence&nbsp;\u00bb, le plus fr\u00e9quent et, sans doute, le plus important est une certaine&nbsp;<em>pr\u00e9sence \u00e0 soi<\/em>&nbsp;qui ne se r\u00e9duit en aucune fa\u00e7on \u00e0 la \u00ab&nbsp;pr\u00e9sence d\u2019esprit&nbsp;\u00bb, et qui n\u2019exclut nullement, tout au contraire, la possibilit\u00e9 du d\u00e9lassement et de la d\u00e9tente. C\u2019est que la \u00ab&nbsp;pr\u00e9sence d\u2019esprit&nbsp;\u00bb (souvent \u00e9voqu\u00e9e sur le mode d\u00e9fectif de la \u00ab&nbsp;pr\u00e9sence d\u2019esprit que je n\u2019ai pas eue&nbsp;\u00bb), sugg\u00e8re surtout la solution \u00e0 un probl\u00e8me th\u00e9orique ou pratique&nbsp;<em>particulier<\/em>&nbsp;\u2014 la&nbsp;r\u00e9ponse ad\u00e9quate \u00e0 une \u00e9pigramme \u2014, tandis que de la personne ordinairement d\u00e9sign\u00e9e comme intelligente, on ne saurait mieux dire qu\u2019\u00e0 la d\u00e9peindre comme \u00ab&nbsp;tout enti\u00e8re pr\u00e9sente \u00e0 soi&nbsp;\u00bb, tout le temps, d\u2019o\u00f9 il r\u00e9sulte en effet que le jeu m\u00eame, la plaisanterie, le repos, ne lui en co\u00fbtent pas davantage, ni moins du reste, que le travail intellectuel. Elle sait y exceller au m\u00eame degr\u00e9, parce qu\u2019elle y adopte la m\u00eame posture d\u2019esprit&nbsp;: une&nbsp;<em>disponibilit\u00e9<\/em>&nbsp;extr\u00eame ou, pour ainsi dire, une&nbsp;<em>convocabilit\u00e9&nbsp;<\/em>exceptionnellement ais\u00e9e, de tous ses souvenirs, de toutes ses connaissances, de toutes ses exp\u00e9rimentations. Un.e penseur.e capable de cette attitude (car tou.te.s ne le sont pas, pour le pire et presque pour le meilleur) ne laisse jamais un propos sans illustration, et les productions de son esprit sont toujours les plus denses en r\u00e9el qui puissent se rencontrer.<\/p>\n\n\n\n<p class=\"custom-indent has-text-align-justify\">Il est une sorte de jeux o\u00f9 cette intelligence brille particuli\u00e8rement \u2014 outre qu\u2019elle fait la ressource des bons romans et s\u00e9ries policiers&nbsp;! \u2014, ce sont les jeux que l\u2019on pourrait appeler \u00ab&nbsp;inductifs&nbsp;\u00bb, ceux, par exemple, o\u00f9 le joueur.e a \u00e0 \u00e9num\u00e9rer, en un temps tr\u00e8s bref, tant ou tant d\u2019\u00e9crivain.e.s ayant publi\u00e9 leur premier roman avant vingt ans, tant ou tant de compositeurs.trices ayant \u00e9crit plus de neuf symphonies. Il ne s\u2019agit point de m\u00e9moire ou d\u2019\u00e9rudition&nbsp;; mais seulement, on le voit bien, d\u2019une aptitude \u00e0 mobiliser \u00e0 volont\u00e9, \u00e0 tenir \u00e0 port\u00e9e de main, tout ce qui a constitu\u00e9 notre propre histoire individuelle. Et comme on peut l\u2019inf\u00e9rer, la zone de \u00ab&nbsp;clart\u00e9 mentale&nbsp;\u00bb o\u00f9 ce pouvoir s&#8217;exerce est consid\u00e9rablement r\u00e9tr\u00e9cie, le cas \u00e9ch\u00e9ant, par le trac, ou par la d\u00e9pression.<\/p>\n\n\n\n<p class=\"custom-indent has-text-align-justify\">Si l\u2019intelligence est capacit\u00e9 de compr\u00e9hension (comme le porte d\u2019ailleurs son \u00e9tymologie&nbsp;: \u00ab&nbsp;<em>intelligere<\/em>&nbsp;\u00bb signifiant entendre, comprendre, et l\u2019intellect, ou \u00ab&nbsp;entendement&nbsp;\u00bb, se disant en allemand \u00ab&nbsp;<em>Verstand<\/em>&nbsp;\u00bb, de \u00ab&nbsp;<em>verstehen<\/em>&nbsp;\u00bb qui signifie \u00ab&nbsp;comprendre&nbsp;\u00bb, en anglais \u00ab&nbsp;<em>understanding<\/em>&nbsp;\u00bb, de \u00ab&nbsp;<em>to understand<\/em>&nbsp;\u00bb)&nbsp;; si par ailleurs la lenteur \u00e0 comprendre cohabite mal \u2014 en tout cas tr\u00e8s rarement \u2014 avec l\u2019aptitude d\u00e9crite \u00e0 l\u2019instant&nbsp;; toutefois, ne nous empressons pas de faire, de la \u00ab&nbsp;rapidit\u00e9 de compr\u00e9hension&nbsp;\u00bb, une composante inconditionnelle et pr\u00e9valente de l\u2019intelligence. C\u2019est que \u00ab&nbsp;comprendre&nbsp;\u00bb, d\u2019abord, est loin de constituer la seule op\u00e9ration o\u00f9 l\u2019esprit puisse atteindre \u00e0 l\u2019excellence&nbsp;: pr\u00e9senter un probl\u00e8me th\u00e9orique de fa\u00e7on neuve, conduire une d\u00e9duction sans omettre aucune \u00e9tape, \u00e9tablir une combinatoire, construire des \u00e9difices solides (en pierre ou en concepts), d\u00e9chiffrer des \u00e9nigmes, user d\u2019humour et d\u2019auto-d\u00e9rision, inventer, tout cela tangente la facult\u00e9 de comprendre (l\u2019assiste m\u00eame en v\u00e9rit\u00e9), et entre de plein droit dans ce qu\u2019on appelle \u00ab&nbsp;intelligence&nbsp;\u00bb. Mais c\u2019est, surtout, que la \u00ab&nbsp;vitesse de compr\u00e9hension&nbsp;\u00bb est elle-m\u00eame un produit tr\u00e8s composite. Elle r\u00e9sulte de la conjonction entre plusieurs dispositions, parmi lesquels ressortent l\u2019habitude et le go\u00fbt (la concentration et l\u2019attention \u00e9tant peut-\u00eatre fonction de ces derniers). Les p\u00e9dagogues nous en avertissent : il est certes d\u00e9sarmant de voir l\u2019enfant tarder \u00e0 nous r\u00e9pondre, quand nous lui demandons combien mesure le dernier angle d\u2019un quadrilat\u00e8re dont les trois premiers sont droits&nbsp;; mais qu\u2019est-ce qu\u2019 \u00ab&nbsp;angle&nbsp;\u00bb, qu\u2019est-ce que \u00ab&nbsp;quadrilat\u00e8re&nbsp;\u00bb, qu\u2019est-ce que \u00ab&nbsp;droit&nbsp;\u00bb, pour qui vient d\u2019arriver en France, et dont les parents parlent encore mal la langue ? Comment, par quelle improbable science infuse, l\u2019enfant conna\u00eetrait-il la signification pr\u00e9cise de ces notions&nbsp;? Et ne sommes-nous pas tou.te.s cet.te \u00e9l\u00e8ve, lorsqu\u2019on nous pr\u00e9sume au fait des avantages et des inconv\u00e9nients d\u2019une monnaie faible (la faiblesse serait-elle donc parfois une force ? Une marchandise fait-elle donc corps, m\u00eame une fois export\u00e9e, avec l\u2019environnement mon\u00e9taire o\u00f9 elle a \u00e9t\u00e9 produite ?), ou lorsqu\u2019on nous rappelle, d\u2019un air entendu, que l\u2019inflation induit une hausse des taux d\u2019int\u00e9r\u00eats (par quel m\u00e9canisme au juste ? L\u2019argent aurait-il donc un prix, ce prix serait-il donc anticipable et r\u00e9gulable par les pr\u00eateurs ?) Si brillant.e.s que soient un.e physicien.ne ou un.e linguiste, si habiles qu\u2019ils soient \u00e0 saisir le sens, l\u2019int\u00e9r\u00eat et les risques d\u2019une innovation dans leurs disciplines, ils peineront \u00e0 comprendre le d\u00e9nouement d\u2019un roman policier, pour peu qu\u2019ils n\u2019aient ni le go\u00fbt, ni l\u2019habitude, de ce genre litt\u00e9raire. Il n\u2019en va pas diff\u00e9remment dans le cas de la compr\u00e9hension intellectuelle, et dans celui de certaines performances physiques, artistiques, ou ludiques : \u00ab&nbsp;on aime ce \u00e0 quoi on est bon&nbsp;\u00bb, disait un personnage de&nbsp;<em>Game of Thrones&nbsp;<\/em>(Daenerys, \u00e9pisode&nbsp;7:3), en oubliant d\u2019ajouter&nbsp;: \u00ab&nbsp;on est bon, \u00e0 ce que l\u2019on aime&nbsp;\u00bb. Il ne suffit pas d\u2019\u00eatre \u00ab&nbsp;intelligent&nbsp;\u00bb pour bien jouer aux \u00e9checs, et celle ou celui qui ne prend pas de plaisir aux jeux n\u2019y remportera que de m\u00e9diocres succ\u00e8s.<\/p>\n\n\n\n<p class=\"custom-indent has-text-align-justify\">Il est enfin presque consubstantiel \u00e0 ce qui a \u00e9t\u00e9 appel\u00e9 ici \u00ab&nbsp;intelligence&nbsp;\u00bb que de pr\u00eater, en toute situation d\u2019action ou de parole, une attention soutenue aux circonstances et aux particularit\u00e9s de cette situation, c\u2019est-\u00e0-dire, pour se placer sur le plan de la politique et de l\u2019histoire, aux pr\u00e9c\u00e9dents et aux concomitants historiques qui la circonscrivent, aux intentions (av\u00e9r\u00e9es, feintes ou controuv\u00e9es) des orateurs et des acteurs qui y prennent part, aux contextes d\u2019\u00e9nonciation et d\u2019action o\u00f9 ils interviennent (qui parle&nbsp;? qui agit&nbsp;? \u00e0 qui s\u2019adresse-t-il ?), \u00e0 la plurivocit\u00e9 (intrins\u00e8que ou contextuelle, involontaire ou d\u00e9lib\u00e9r\u00e9e) des actes et des paroles qui la composent, etc. \u2014 Ainsi n\u2019est-on pas tenu de partager l\u2019obsession de celles et ceux qui \u00ab&nbsp;mettent tout en \u0153uvre contre le ch\u00f4mage&nbsp;\u00bb, car, depuis les ann\u00e9es 1990, bien des baisses statistiques du ch\u00f4mage eurent pour contrepartie une diminution de la protection des ch\u00f4meur.e.s et un accroissement de la pr\u00e9carit\u00e9 des travailleur.e.s. \u2014 Ainsi certain.e.s demeurent-ils capables, alors qu\u2019en 2015 le Parlement fran\u00e7ais examine la \u00ab&nbsp;Loi relative au renseignement&nbsp;\u00bb (effectivement promulgu\u00e9e le 24 juillet de la m\u00eame ann\u00e9e), de mettre \u00e0 part les conditions de leur propre \u00ab&nbsp;s\u00e9curit\u00e9 individuelle&nbsp;\u00bb, et, se rappelant les cons\u00e9quences ruineuses de l\u2019USA PATRIOT Act de 2001 (\u00e9tonnant acronyme&nbsp;:&nbsp;<em>\u00ab&nbsp;Uniting and Strengthening America by Providing Appropriate Tools Required to Intercept and Obstruct Terrorism Act&nbsp;\u00bb<\/em>), de s\u2019aviser que des donn\u00e9es personnelles une fois collect\u00e9es, une fois crois\u00e9es entre elles, peuvent fournir, \u00e0 un \u00c9tat devenu autoritaire, de formidables moyens de pression sur les individus. \u2014 Ainsi certain.e.s peuvent-ils reconna\u00eetre que le mensonge en politique est une pratique tr\u00e8s nuisible, et pourtant refuser d\u2019octroyer \u00e0 une instance \u00e9tatique le pouvoir souverain de d\u00e9cider, en p\u00e9riode \u00ab&nbsp;\u00e9lectorale&nbsp;\u00bb, de ce qui est&nbsp;<em>fake news<\/em>&nbsp;et de ce qui ne l\u2019est pas. \u2014 Ainsi enfin peut-on consid\u00e9rer que la libert\u00e9 d\u2019expression est un acquis irr\u00e9versible des d\u00e9mocraties, et contourner le pi\u00e8ge de ceux, pseudo-historiens et provocateurs antis\u00e9mites, qui s\u2019en r\u00e9clament pour nier la Shoah.<\/p>\n\n\n\n<p class=\"custom-indent has-text-align-justify\">Il ne s\u2019agit \u00e0 aucun moment ou presque, dans ce qui pr\u00e9c\u00e8de, d\u2019\u00e9rudition, de connaissance historique et politique sp\u00e9cialis\u00e9e, par quoi l\u2019 \u00ab&nbsp;intelligence&nbsp;\u00bb se verrait r\u00e9serv\u00e9e aux seules personnes instruites ou cultiv\u00e9es&nbsp;; mais bien d\u2019un d\u00e9centrement de soi toujours r\u00e9it\u00e9r\u00e9, d\u2019une mise \u00e0 l\u2019\u00e9cart temporaire de ses propres pr\u00e9occupations (quand l\u2019urgence rel\u00e2che sa pression), d\u2019une prise de recul ou de hauteur envers les conclusions aussit\u00f4t form\u00e9es (et du reste, un trait assez constant de l\u2019intelligence est l\u2019int\u00e9r\u00eat, gai et prot\u00e9iforme, pour le r\u00e9el dans toutes ses directions), bref d\u2019une mise en relation r\u00e9ciproque et ininterrompue de tous les points de la m\u00e9moire et de l\u2019attention, pr\u00e9venant une absorption dans le cas particulier, qui est toujours mutique et opaque. Et si le cas particulier, l\u2019exceptionnel, le nouveau, est relev\u00e9, c\u2019est bien en tant que tel, c\u2019est-\u00e0-dire&nbsp;: apr\u00e8s qu\u2019une comparaison avec les similaires possibles a av\u00e9r\u00e9 qu\u2019aucun ne lui est identique.<\/p>\n\n\n\n<p class=\"custom-indent has-text-align-justify\">Mais si l\u2019intelligence est, par un de ses principaux aspects, capacit\u00e9 de mise en relation, l\u00e0 r\u00e9side \u00e9galement sa perversion possible, ou l\u2019une de ses plus graves. Bien que, sous le nom de \u00ab\u00a0complotisme\u00a0\u00bb, on la pr\u00e9sente parfois comme un apport de la toute derni\u00e8re modernit\u00e9 (la modernit\u00e9 num\u00e9rique), elle est en r\u00e9alit\u00e9 beaucoup plus ancienne, et a s\u00e9vi de longue date, \u00e0 travers l\u2019id\u00e9e, par exemple, qu\u2019il puisse y avoir une histoire \u00ab\u00a0alternative\u00a0\u00bb, plus vraie que l\u2019histoire \u00ab\u00a0que l\u2019on enseigne aux enfants\u00a0\u00bb, mais cach\u00e9e aux populations en raison de la puissance des int\u00e9r\u00eats qui s\u2019y affrontent. Il ne s\u2019agit en aucun cas, ici, de m\u00e9conna\u00eetre que certains \u00c9tats autoritaires pratiquent, qui un travestissement de l\u2019histoire \u00e0 des fins id\u00e9ologiques, qui une pure et simple interdiction de l\u2019histoire comme discipline de recherche et d\u2019enseignement. Mais si l\u2019on pr\u00eate l\u2019oreille, dans les pays o\u00f9 l\u2019histoire est enseign\u00e9e, et o\u00f9 les historien.ne.s peuvent d\u00e9battre tant soit peu librement, aux tenants de ces \u00ab\u00a0histoires secr\u00e8tes\u00a0\u00bb (par exemple\u00a0\u00e0 \u00c9ric Zemmour, l\u2019auteur du\u00a0<em>Suicide fran\u00e7ais. Les 40 ann\u00e9es qui ont d\u00e9fait la France<\/em>, ou \u00e0 Philippe de Villiers,\u00a0<em>J\u2019ai tir\u00e9 sur le fil du mensonge et tout est venu<\/em>), on leur trouvera toujours les accents de ceux qui veulent para\u00eetre \u00ab\u00a0plus intelligents\u00a0\u00bb que le commun, et, \u00e0 cette fin, mettent en rapport des faits que personne, \u00e0 la v\u00e9rit\u00e9, n\u2019aurait song\u00e9 \u00e0 rapprocher. L\u00e0 r\u00e9side aussi une raison du succ\u00e8s de ce type d\u2019ouvrages, car, en effectuant ces connexions inattendues, ils procurent au lectorat le sentiment grisant de \u00ab\u00a0mieux comprendre\u00a0\u00bb ce qui s\u2019est effectivement pass\u00e9 \u2014 et donc, au sens le plus propre, d\u2019\u00eatre \u00ab\u00a0plus intelligent\u00a0\u00bb. Il y a l\u00e0 un danger extr\u00eame, et d\u2019autant plus fort, que c\u2019est le principe m\u00eame de l\u2019intelligence (ou l\u2019un de ses principes) qui se trouve d\u00e9voy\u00e9 par ce genre de pratiques (la \u00ab\u00a0v\u00e9ritable histoire\u00a0\u00bb, \u00ab\u00a0l\u2019histoire qu\u2019on ne vous raconte jamais\u00a0\u00bb). Mais s\u2019il subsiste une raison de demeurer optimiste face \u00e0 un tel danger, c\u2019est que toutes celles et ceux qui go\u00fbtent ce type d\u2019ouvrages, pr\u00e9cis\u00e9ment, r\u00e9pudient la b\u00eatise (il serait un peu court, et m\u00eame contraire \u00e0 l\u2019objectif vis\u00e9, que de la leur imputer), et continuent, du moins en intention, d\u2019entretenir un commerce avec l\u2019intelligence\u00a0: ils d\u00e9sirent \u00ab\u00a0devenir intelligents\u00a0\u00bb, ils d\u00e9sirent comprendre, et c\u2019est justement en vue de mieux comprendre qu\u2019ils acqui\u00e8rent, et par l\u00e0 m\u00eame promeuvent, cette si mauvaise litt\u00e9rature.<\/p>\n\n\n\n<p class=\"custom-indent has-text-align-justify\">Il demeure cependant une muraille infranchissable entre l\u2019&nbsp;\u00ab&nbsp;intelligence&nbsp;\u00bb dont se pique un historien des complots, et celle dont il a \u00e9t\u00e9 question ici&nbsp;: l\u2019historien des complots se donne pour&nbsp;<em>le plus intelligent<\/em>, celui seul qui a compris ce dont il retourne r\u00e9ellement, qui seul est en mesure de dessiller son public sur les mensonges qu\u2019on lui aurait ass\u00e9n\u00e9s&nbsp;; or s\u2019il est une pr\u00e9tention \u00e0 laquelle la personne intelligente, au sens o\u00f9 il a \u00e9t\u00e9 dit, est \u00e9trang\u00e8re, c\u2019est d\u2019\u00eatre&nbsp;<em>la plus intelligente<\/em>. Cette pr\u00e9tention est un crit\u00e8re, cette fois absolument s\u00fbr, de la sottise.<\/p>\n\n\n\n<div style=\"height:100px\" aria-hidden=\"true\" class=\"wp-block-spacer\"><\/div>\n\n\n\n<div class=\"wp-block-columns is-layout-flex wp-container-core-columns-is-layout-9d6595d7 wp-block-columns-is-layout-flex\">\n<div class=\"wp-block-column is-layout-flow wp-block-column-is-layout-flow\">\n<p class=\"\"><a href=\"https:\/\/bonusscenescoupees.com\/?page_id=388\">page pr\u00e9c\u00e9dente<\/a><\/p>\n<\/div>\n\n\n\n<div class=\"wp-block-column is-layout-flow wp-block-column-is-layout-flow\">\n<p class=\"has-text-align-right\"><a href=\"https:\/\/bonusscenescoupees.com\/?page_id=392\">page suivante<\/a><\/p>\n<\/div>\n<\/div>\n","protected":false},"excerpt":{"rendered":"<p>Sur la question \u00ab Qu\u2019est-ce que l\u2019intelligence ? \u00bb Qu\u2019est-ce que l\u2019intelligence&nbsp;? Quiconque pr\u00e9tend \u00e0 le savoir, se donne pour \u00e9talon de l\u2019intelligence. N\u2019est-il pas vrai que de dire de&hellip;<\/p>\n","protected":false},"author":1,"featured_media":0,"parent":0,"menu_order":0,"comment_status":"closed","ping_status":"closed","template":"","meta":{"nf_dc_page":"","om_disable_all_campaigns":false,"WB4WB4WP_MODE":"","WB4WP_PAGE_SCRIPTS":"","WB4WP_PAGE_STYLES":"","WB4WP_PAGE_FONTS":"","WB4WP_PAGE_HEADER":"","WB4WP_PAGE_FOOTER":"","_monsterinsights_skip_tracking":false,"_monsterinsights_sitenote_active":false,"_monsterinsights_sitenote_note":"","_monsterinsights_sitenote_category":0,"footnotes":""},"class_list":["post-390","page","type-page","status-publish","hentry"],"aioseo_notices":[],"jetpack_sharing_enabled":true,"_links":{"self":[{"href":"https:\/\/bonusscenescoupees.com\/index.php?rest_route=\/wp\/v2\/pages\/390","targetHints":{"allow":["GET"]}}],"collection":[{"href":"https:\/\/bonusscenescoupees.com\/index.php?rest_route=\/wp\/v2\/pages"}],"about":[{"href":"https:\/\/bonusscenescoupees.com\/index.php?rest_route=\/wp\/v2\/types\/page"}],"author":[{"embeddable":true,"href":"https:\/\/bonusscenescoupees.com\/index.php?rest_route=\/wp\/v2\/users\/1"}],"replies":[{"embeddable":true,"href":"https:\/\/bonusscenescoupees.com\/index.php?rest_route=%2Fwp%2Fv2%2Fcomments&post=390"}],"version-history":[{"count":5,"href":"https:\/\/bonusscenescoupees.com\/index.php?rest_route=\/wp\/v2\/pages\/390\/revisions"}],"predecessor-version":[{"id":2001,"href":"https:\/\/bonusscenescoupees.com\/index.php?rest_route=\/wp\/v2\/pages\/390\/revisions\/2001"}],"wp:attachment":[{"href":"https:\/\/bonusscenescoupees.com\/index.php?rest_route=%2Fwp%2Fv2%2Fmedia&parent=390"}],"curies":[{"name":"wp","href":"https:\/\/api.w.org\/{rel}","templated":true}]}}