{"id":343,"date":"2021-08-03T15:33:54","date_gmt":"2021-08-03T13:33:54","guid":{"rendered":"https:\/\/bonusscenescoupees.com\/?page_id=343"},"modified":"2021-10-07T21:03:28","modified_gmt":"2021-10-07T19:03:28","slug":"sur-la-definition-de-la-philosophie-tout-de-meme","status":"publish","type":"page","link":"https:\/\/bonusscenescoupees.com\/?page_id=343","title":{"rendered":"Sur la d\u00e9finition de la philosophie, tout de m\u00eame"},"content":{"rendered":"\n<div style=\"height:100px\" aria-hidden=\"true\" class=\"wp-block-spacer\"><\/div>\n\n\n\n<h3 class=\"has-text-align-center wp-block-heading\"><strong>Sur la d\u00e9finition de la philosophie, tout de m\u00eame<\/strong><\/h3>\n\n\n\n<div style=\"height:100px\" aria-hidden=\"true\" class=\"wp-block-spacer\"><\/div>\n\n\n\n<p class=\"has-text-align-justify custom-indent\">Faut-il pour autant interrompre tout effort pour d\u00e9finir la philosophie ? La possibilit\u00e9 qu\u2019ils soient condamn\u00e9s \u00e0 l\u2019avance, les rend-ils vains&nbsp;? Gageons d\u2019une part que, si les penseur.e.s \u00e9taient parvenu.e.s \u00e0 s\u2019entendre une bonne fois sur la d\u00e9finition de la philosophie, alors \u2014 cons\u00e9quence valant \u00e0 vrai dire de peu d\u2019autres savoirs \u2014 la plupart des questions qu\u2019elle pose seraient d\u00e9j\u00e0 r\u00e9solues.<\/p>\n\n\n\n<p class=\"has-text-align-justify custom-indent\">Sans doute peut-on faire fonds sur l\u2019existence de&nbsp;<em>questions<\/em>&nbsp;propres \u00e0 la philosophie. Qu\u2019il existe de telles questions (non exemptes d\u2019ailleurs de renouvellements constants), c\u2019est \u00e0 vrai dire ce qu\u2019on per\u00e7oit, bien au-del\u00e0 du champ des sp\u00e9cialistes de la philosophie, face \u00e0 des \u00e9nonc\u00e9s tels que \u00ab&nbsp;le temps n\u2019existe pas&nbsp;\u00bb, \u00ab&nbsp;la mort est une partie de la vie&nbsp;\u00bb, \u00ab&nbsp;l\u2019homme n\u2019est pas libre&nbsp;\u00bb, ou encore \u00ab&nbsp;il revient \u00e0 chacun de d\u00e9terminer le sens de son existence \u00bb. Une formulation inad\u00e9quate par son contenu, mais juste par le point touch\u00e9, consiste \u00e0 dire que philosopher, c\u2019est \u00ab&nbsp;se poser des questions qu\u2019on ne se pose pas tous les jours&nbsp;\u00bb.&nbsp;&nbsp;Car il faut une rencontre, une circonstance, une conjoncture, pla\u00e7ant en affinit\u00e9 ou en conflit des aspirations humaines diverses, pour que seulement l\u2019on philosophe.<\/p>\n\n\n\n<p><\/p>\n\n\n\n<p><\/p>\n\n\n\n<p><\/p>\n\n\n\n<p><\/p>\n\n\n\n<p><\/p>\n\n\n\n<p><\/p>\n\n\n\n<p><\/p>\n\n\n\n<p><\/p>\n\n\n\n<p><\/p>\n\n\n\n<p class=\"has-text-align-justify custom-indent\">Mais le \u00ab&nbsp;philosophique&nbsp;\u00bb, c\u2019est aussi, les historien.ne.s le savent, une certaine&nbsp;<em>dimension<\/em>&nbsp;des grandes questions morales et politiques qui se sont pos\u00e9es \u00e0 l\u2019humanit\u00e9 au cours de son \u00e9volution&nbsp;: l\u2019abolition de la peine de mort depuis le XVIII<sup>e<\/sup> si\u00e8cle, la s\u00e9paration des \u00c9glises et des \u00c9tats depuis le XIX<sup>e<\/sup>, engag\u00e8rent \u00e0 chaque fois des \u00ab&nbsp;convictions philosophiques&nbsp;\u00bb, par quoi il faut entendre exactement des&nbsp;<em>conceptions personnelles du monde dans son ensemble.<\/em><\/p>\n\n\n\n<p class=\"has-text-align-justify custom-indent\">Voil\u00e0 pourquoi, tout bien consid\u00e9r\u00e9, il serait malavis\u00e9 de renoncer, sinon \u00e0 d\u00e9finir, du moins \u00e0 caract\u00e9riser, la philosophie, et, au motif certes valable qu\u2019elle est&nbsp;<em>aussi<\/em>&nbsp;une r\u00e9flexion vou\u00e9e \u00e0 s\u2019exercer sur toute mati\u00e8re, de l\u2019\u00e9carter de ce&nbsp;<em>domaine<\/em>&nbsp;d\u2019investigation qu\u2019elle a en partage de nos jours.<\/p>\n\n\n\n<div style=\"height:100px\" aria-hidden=\"true\" class=\"wp-block-spacer\"><\/div>\n\n\n\n<div class=\"wp-block-columns is-layout-flex wp-container-core-columns-is-layout-9d6595d7 wp-block-columns-is-layout-flex\">\n<div class=\"wp-block-column is-layout-flow wp-block-column-is-layout-flow\">\n<p><a href=\"https:\/\/bonusscenescoupees.com\/?page_id=340\">page pr\u00e9c\u00e9dente<\/a><\/p>\n<\/div>\n\n\n\n<div class=\"wp-block-column is-layout-flow wp-block-column-is-layout-flow\">\n<p class=\"has-text-align-right\"><a href=\"https:\/\/bonusscenescoupees.com\/?page_id=345\">page suivante<\/a><\/p>\n<\/div>\n<\/div>\n","protected":false},"excerpt":{"rendered":"<p>Sur la d\u00e9finition de la philosophie, tout de m\u00eame Faut-il pour autant interrompre tout effort pour d\u00e9finir la philosophie ? La possibilit\u00e9 qu\u2019ils soient condamn\u00e9s \u00e0 l\u2019avance, les rend-ils vains&nbsp;?&hellip;<\/p>\n","protected":false},"author":1,"featured_media":0,"parent":0,"menu_order":0,"comment_status":"closed","ping_status":"closed","template":"","meta":{"nf_dc_page":"","om_disable_all_campaigns":false,"WB4WB4WP_MODE":"","WB4WP_PAGE_SCRIPTS":"","WB4WP_PAGE_STYLES":"","WB4WP_PAGE_FONTS":"","WB4WP_PAGE_HEADER":"","WB4WP_PAGE_FOOTER":"","_monsterinsights_skip_tracking":false,"_monsterinsights_sitenote_active":false,"_monsterinsights_sitenote_note":"","_monsterinsights_sitenote_category":0,"footnotes":""},"class_list":["post-343","page","type-page","status-publish","hentry"],"aioseo_notices":[],"jetpack_sharing_enabled":true,"_links":{"self":[{"href":"https:\/\/bonusscenescoupees.com\/index.php?rest_route=\/wp\/v2\/pages\/343","targetHints":{"allow":["GET"]}}],"collection":[{"href":"https:\/\/bonusscenescoupees.com\/index.php?rest_route=\/wp\/v2\/pages"}],"about":[{"href":"https:\/\/bonusscenescoupees.com\/index.php?rest_route=\/wp\/v2\/types\/page"}],"author":[{"embeddable":true,"href":"https:\/\/bonusscenescoupees.com\/index.php?rest_route=\/wp\/v2\/users\/1"}],"replies":[{"embeddable":true,"href":"https:\/\/bonusscenescoupees.com\/index.php?rest_route=%2Fwp%2Fv2%2Fcomments&post=343"}],"version-history":[{"count":5,"href":"https:\/\/bonusscenescoupees.com\/index.php?rest_route=\/wp\/v2\/pages\/343\/revisions"}],"predecessor-version":[{"id":1386,"href":"https:\/\/bonusscenescoupees.com\/index.php?rest_route=\/wp\/v2\/pages\/343\/revisions\/1386"}],"wp:attachment":[{"href":"https:\/\/bonusscenescoupees.com\/index.php?rest_route=%2Fwp%2Fv2%2Fmedia&parent=343"}],"curies":[{"name":"wp","href":"https:\/\/api.w.org\/{rel}","templated":true}]}}