{"id":278,"date":"2021-08-02T11:42:58","date_gmt":"2021-08-02T09:42:58","guid":{"rendered":"https:\/\/bonusscenescoupees.com\/?page_id=278"},"modified":"2021-09-02T15:02:40","modified_gmt":"2021-09-02T13:02:40","slug":"sur-la-psychologie-des-profondeurs","status":"publish","type":"page","link":"https:\/\/bonusscenescoupees.com\/?page_id=278","title":{"rendered":"Sur la \u00ab psychologie des profondeurs \u00bb"},"content":{"rendered":"\n<div style=\"height:100px\" aria-hidden=\"true\" class=\"wp-block-spacer\"><\/div>\n\n\n\n<p><\/p>\n\n\n\n<p><\/p>\n\n\n\n<p><\/p>\n\n\n\n<p><\/p>\n\n\n\n<p><\/p>\n\n\n\n<p><\/p>\n\n\n\n<p><\/p>\n\n\n\n<p><\/p>\n\n\n\n<p><\/p>\n\n\n\n<p><\/p>\n\n\n\n<p><\/p>\n\n\n\n<p><\/p>\n\n\n\n<h3 class=\"has-text-align-center wp-block-heading\"><strong>Sur la \u00ab psychologie des profondeurs \u00bb<\/strong><\/h3>\n\n\n\n<figure class=\"wp-block-gallery aligncenter columns-3 is-cropped wp-block-gallery-1 is-layout-flex wp-block-gallery-is-layout-flex\"><ul class=\"blocks-gallery-grid\"><li class=\"blocks-gallery-item\"><figure><img data-recalc-dims=\"1\" loading=\"lazy\" decoding=\"async\" width=\"287\" height=\"300\" src=\"https:\/\/i0.wp.com\/bonusscenescoupees.com\/wp-content\/uploads\/2021\/08\/Blaise_pascal.jpg?resize=287%2C300&#038;ssl=1\" alt=\"\" data-id=\"684\" data-full-url=\"https:\/\/bonusscenescoupees.com\/wp-content\/uploads\/2021\/08\/Blaise_pascal.jpg\" data-link=\"https:\/\/bonusscenescoupees.com\/?attachment_id=684\" class=\"wp-image-684\" srcset=\"https:\/\/i0.wp.com\/bonusscenescoupees.com\/wp-content\/uploads\/2021\/08\/Blaise_pascal.jpg?resize=287%2C300&amp;ssl=1 287w, https:\/\/i0.wp.com\/bonusscenescoupees.com\/wp-content\/uploads\/2021\/08\/Blaise_pascal.jpg?w=300&amp;ssl=1 300w\" sizes=\"auto, (max-width: 287px) 100vw, 287px\" \/><\/figure><\/li><li class=\"blocks-gallery-item\"><figure><img data-recalc-dims=\"1\" loading=\"lazy\" decoding=\"async\" width=\"231\" height=\"300\" src=\"https:\/\/i0.wp.com\/bonusscenescoupees.com\/wp-content\/uploads\/2021\/08\/1004053-Francois_de_La_Rochefoucauld.jpg?resize=231%2C300&#038;ssl=1\" alt=\"\" data-id=\"683\" data-full-url=\"https:\/\/bonusscenescoupees.com\/wp-content\/uploads\/2021\/08\/1004053-Francois_de_La_Rochefoucauld.jpg\" data-link=\"https:\/\/bonusscenescoupees.com\/?attachment_id=683\" class=\"wp-image-683\" srcset=\"https:\/\/i0.wp.com\/bonusscenescoupees.com\/wp-content\/uploads\/2021\/08\/1004053-Francois_de_La_Rochefoucauld.jpg?resize=231%2C300&amp;ssl=1 231w, https:\/\/i0.wp.com\/bonusscenescoupees.com\/wp-content\/uploads\/2021\/08\/1004053-Francois_de_La_Rochefoucauld.jpg?w=308&amp;ssl=1 308w\" sizes=\"auto, (max-width: 231px) 100vw, 231px\" \/><\/figure><\/li><li class=\"blocks-gallery-item\"><figure><img data-recalc-dims=\"1\" loading=\"lazy\" decoding=\"async\" width=\"225\" height=\"300\" src=\"https:\/\/i0.wp.com\/bonusscenescoupees.com\/wp-content\/uploads\/2021\/08\/Nietzsche1882.jpg?resize=225%2C300&#038;ssl=1\" alt=\"\" data-id=\"685\" data-full-url=\"https:\/\/bonusscenescoupees.com\/wp-content\/uploads\/2021\/08\/Nietzsche1882-e1628503234234.jpg\" data-link=\"https:\/\/bonusscenescoupees.com\/?attachment_id=685\" class=\"wp-image-685\"\/><\/figure><\/li><\/ul><figcaption class=\"blocks-gallery-caption\">Pascal, Wikicommons, domaine public ; La Rochefoucauld par Chass\u00e9riau, Wikicommons, domaine public ; Nietzsche photographi\u00e9 en 1882 par Gustav Adolf Schultze, Wikicommons, domaine public<\/figcaption><\/figure>\n\n\n\n<p class=\"has-text-align-justify custom-indent\">Il est peut-\u00eatre temps d\u2019en finir avec la \u00ab&nbsp;psychologie des profondeurs \u00bb. On pourrait l\u2019appeller la \u00ab&nbsp;psychologie du plus malin&nbsp;\u00bb. Elle se fait fort de d\u00e9busquer les mobiles secrets des humains : mais que nous importent leurs mobiles secrets&nbsp;? C\u2019est une psychologie de pr\u00eatre, de confesseur, que celle qui se met ainsi en peine des intentions. Nous ne pouvons du reste pr\u00eater \u00e0 autrui d\u2019autres mobiles que ceux que nous trouvons en nous-m\u00eames&nbsp;: magnanimes quand nous sommes magnanimes, mesquins quand nous sommes mesquins. De telle fa\u00e7on qu\u2019interpr\u00e9ter le comportement d\u2019autrui n\u2019est, en d\u00e9finitive, que parler de soi et de ses blessures. Quiconque est un peu averti se d\u00e9fiera de son \u00ab&nbsp;intuition \u00bb en ces mati\u00e8res. Et quand bien m\u00eame la g\u00e9n\u00e9rosit\u00e9 ne serait qu\u2019un masque de l\u2019\u00e9go\u00efsme : n\u2019est-ce pas d\u00e9j\u00e0 quelque chose, que de savoir que l\u2019\u00e9go\u00efsme \u00e9prouve le besoin de se masquer ?<\/p>\n\n\n\n<div class=\"wp-block-columns is-layout-flex wp-container-core-columns-is-layout-9d6595d7 wp-block-columns-is-layout-flex\">\n<div class=\"wp-block-column is-layout-flow wp-block-column-is-layout-flow\" style=\"flex-basis:100%\">\n<div class=\"wp-block-group\"><div class=\"wp-block-group__inner-container is-layout-flow wp-block-group-is-layout-flow\">\n<div class=\"wp-block-columns is-layout-flex wp-container-core-columns-is-layout-9d6595d7 wp-block-columns-is-layout-flex\">\n<div class=\"wp-block-column is-layout-flow wp-block-column-is-layout-flow\" style=\"flex-basis:100%\">\n<div class=\"wp-block-group\"><div class=\"wp-block-group__inner-container is-layout-flow wp-block-group-is-layout-flow\"><\/div><\/div>\n<\/div>\n<\/div>\n<\/div><\/div>\n<\/div>\n<\/div>\n\n\n\n<div style=\"height:100px\" aria-hidden=\"true\" class=\"wp-block-spacer\"><\/div>\n\n\n\n<div class=\"wp-block-columns is-layout-flex wp-container-core-columns-is-layout-9d6595d7 wp-block-columns-is-layout-flex\">\n<div class=\"wp-block-column is-layout-flow wp-block-column-is-layout-flow\"><\/div>\n\n\n\n<div class=\"wp-block-column is-layout-flow wp-block-column-is-layout-flow\">\n<p class=\"has-text-align-right\"><a href=\"https:\/\/bonusscenescoupees.com\/?page_id=1012\">page suivante<\/a><\/p>\n<\/div>\n<\/div>\n\n\n\n<div style=\"height:100px\" aria-hidden=\"true\" class=\"wp-block-spacer\"><\/div>\n\n\n\n<div class=\"wp-block-columns is-layout-flex wp-container-core-columns-is-layout-9d6595d7 wp-block-columns-is-layout-flex\">\n<div class=\"wp-block-column is-layout-flow wp-block-column-is-layout-flow\">\n<p><\/p>\n<\/div>\n\n\n\n<div class=\"wp-block-column is-layout-flow wp-block-column-is-layout-flow\"><\/div>\n<\/div>\n","protected":false},"excerpt":{"rendered":"<p>Sur la \u00ab psychologie des profondeurs \u00bb Il est peut-\u00eatre temps d\u2019en finir avec la \u00ab&nbsp;psychologie des profondeurs \u00bb. On pourrait l\u2019appeller la \u00ab&nbsp;psychologie du plus malin&nbsp;\u00bb. Elle se fait&hellip;<\/p>\n","protected":false},"author":1,"featured_media":0,"parent":0,"menu_order":0,"comment_status":"closed","ping_status":"closed","template":"","meta":{"nf_dc_page":"","om_disable_all_campaigns":false,"WB4WB4WP_MODE":"","WB4WP_PAGE_SCRIPTS":"","WB4WP_PAGE_STYLES":"","WB4WP_PAGE_FONTS":"","WB4WP_PAGE_HEADER":"","WB4WP_PAGE_FOOTER":"","_monsterinsights_skip_tracking":false,"_monsterinsights_sitenote_active":false,"_monsterinsights_sitenote_note":"","_monsterinsights_sitenote_category":0,"footnotes":""},"class_list":["post-278","page","type-page","status-publish","hentry"],"aioseo_notices":[],"jetpack_sharing_enabled":true,"_links":{"self":[{"href":"https:\/\/bonusscenescoupees.com\/index.php?rest_route=\/wp\/v2\/pages\/278","targetHints":{"allow":["GET"]}}],"collection":[{"href":"https:\/\/bonusscenescoupees.com\/index.php?rest_route=\/wp\/v2\/pages"}],"about":[{"href":"https:\/\/bonusscenescoupees.com\/index.php?rest_route=\/wp\/v2\/types\/page"}],"author":[{"embeddable":true,"href":"https:\/\/bonusscenescoupees.com\/index.php?rest_route=\/wp\/v2\/users\/1"}],"replies":[{"embeddable":true,"href":"https:\/\/bonusscenescoupees.com\/index.php?rest_route=%2Fwp%2Fv2%2Fcomments&post=278"}],"version-history":[{"count":5,"href":"https:\/\/bonusscenescoupees.com\/index.php?rest_route=\/wp\/v2\/pages\/278\/revisions"}],"predecessor-version":[{"id":1036,"href":"https:\/\/bonusscenescoupees.com\/index.php?rest_route=\/wp\/v2\/pages\/278\/revisions\/1036"}],"wp:attachment":[{"href":"https:\/\/bonusscenescoupees.com\/index.php?rest_route=%2Fwp%2Fv2%2Fmedia&parent=278"}],"curies":[{"name":"wp","href":"https:\/\/api.w.org\/{rel}","templated":true}]}}