{"id":254,"date":"2021-08-01T19:49:54","date_gmt":"2021-08-01T17:49:54","guid":{"rendered":"https:\/\/bonusscenescoupees.com\/?page_id=254"},"modified":"2021-09-23T20:24:49","modified_gmt":"2021-09-23T18:24:49","slug":"freud-romancier","status":"publish","type":"page","link":"https:\/\/bonusscenescoupees.com\/?page_id=254","title":{"rendered":"Freud romancier"},"content":{"rendered":"\n<div style=\"height:100px\" aria-hidden=\"true\" class=\"wp-block-spacer\"><\/div>\n\n\n\n<h3 class=\"has-text-align-center wp-block-heading\"><strong>Freud romancier<\/strong><\/h3>\n\n\n\n<div style=\"height:100px\" aria-hidden=\"true\" class=\"wp-block-spacer\"><\/div>\n\n\n\n<p><\/p>\n\n\n\n<p><\/p>\n\n\n\n<p><\/p>\n\n\n\n<p><\/p>\n\n\n\n<p><\/p>\n\n\n\n<p><\/p>\n\n\n\n<p><\/p>\n\n\n\n<p class=\"has-text-align-justify custom-indent\">Il est plus difficile, disait le cin\u00e9aste bosniaque Danis Tanovi\u0107, de r\u00e9aliser un documentaire qu\u2019un film de fiction&nbsp;: car le documentaire int\u00e8gre une trame narrative, une intrigue, mais cette intrigue, que l\u2019on suppose d\u00e9j\u00e0 donn\u00e9e, doit \u00eatre&nbsp;<em>retrouv\u00e9e<\/em>, et fid\u00e8lement restitu\u00e9e, ce qui exige le comblement de nombreuses lacunes que notre connaissance contient d\u2019abord (du fait de notre ignorance ou de celle des t\u00e9moins). Le plus difficile, pour qui entreprend de narrer, n\u2019est pas d\u2019<em>inventer<\/em>&nbsp;de toutes pi\u00e8ces une intrigue nouvelle, mais de&nbsp;<em>combler les trous<\/em>&nbsp;d\u2019une intrigue existante. Et cependant, si ces deux op\u00e9rations sont comparables dans l\u2019esprit de Tanovi\u0107, c\u2019est qu\u2019elles caract\u00e9risent toutes deux la narration, la narration comme telle, qu\u2019elle soit l\u2019affaire du r\u00e9alisateur ou du romancier, ou m\u00eame, pourrait-on extrapoler, du psychanalyste.<\/p>\n\n\n\n<p class=\"has-text-align-justify custom-indent\">Car Freud ne fait rien d\u2019autre, en r\u00e9alit\u00e9, dans ces r\u00e9cits de cures qui constituent la partie la plus connue, mais aussi peut-\u00eatre la plus divertissante, de son \u0153uvre, que de \u00ab&nbsp;combler des trous&nbsp;\u00bb&nbsp;<em>(L\u00fccken)<\/em>, comme il le dit lui-m\u00eame. Freud est, en quelque sorte \u2014 et de fa\u00e7on admirable \u2014, un&nbsp;<em>romancier \u00e0 rebours.<\/em><\/p>\n\n\n\n<p class=\"has-text-align-justify custom-indent\">Si le romancier, dans la pratique qui \u00e9tait celle d\u2019un Goethe, d\u2019un Fontane ou d\u2019un Flaubert, fictionne une vie, un caract\u00e8re, et assortit ensuite ce caract\u00e8re de manifestations plus ou moins insolites destin\u00e9es \u00e0 produire chez le lecteur le sentiment du r\u00e9el, Freud en revanche prend son point de d\u00e9part dans le sympt\u00f4me r\u00e9el dont on se plaint en cabinet, et, au fil de la cure, reconstruit, autour de ce sympt\u00f4me, le caract\u00e8re et la vie du patient ou de la patiente qui en est atteint.e. Ce qui ainsi nous est donn\u00e9 \u00e0 lire dans les&nbsp;<em>Cinq psychanalyses<\/em>, ce sont les r\u00e9cits en bonne et due forme, suscitant un authentique plaisir \u2014 pervers&nbsp;? \u2014 de lecture, de la vie de certain.e.s patient.e.s, ou d\u2019\u00e9pisodes insignes \u2014 sur le plan traumatique \u2014 de leur vie.<\/p>\n\n\n\n<p class=\"has-text-align-justify custom-indent\">Au point que Freud, dans l\u2019un de ces r\u00e9cits, met en abyme la forme narrative qu\u2019assume, et que doit assumer selon lui, l\u2019\u00e9criture psychanalytique&nbsp;:&nbsp;&nbsp;n\u2019est-ce pas en effet \u00e0 la mani\u00e8re d\u2019un roman policier que se termine \u00ab&nbsp;Le cas Dora&nbsp;\u00bb, o\u00f9 l\u2019on voit le psychanalyste restituer \u00e0 la patiente la trame, achev\u00e9e et d\u00e9sormais \u00ab&nbsp;sans trous&nbsp;\u00bb, de sa vie de sympt\u00f4mes, depuis les premi\u00e8res violences inflig\u00e9es par Monsieur K.&nbsp;?<\/p>\n\n\n\n<p class=\"has-text-align-justify custom-indent\">Tout se passe comme si la forme-r\u00e9cit, aux yeux de Freud, entretenait, cela a souvent \u00e9t\u00e9 dit, une affinit\u00e9 d\u2019essence ou de nature avec l\u2019appareil psychique. Une suggestion, toutefois, que l\u2019on ne peut pas ne pas \u00eatre tent\u00e9 de corr\u00e9ler avec cette autre, qui tient la cl\u00e9 de la barri\u00e8re entre contenu \u00ab&nbsp;latent&nbsp;\u00bb et contenu \u00ab&nbsp;manifeste&nbsp;\u00bb du r\u00eave dans la&nbsp;<em>Traumdeutung<\/em>&nbsp;: si le r\u00eave effectivement r\u00eav\u00e9, la \u00ab&nbsp;chose en soi&nbsp;\u00bb du r\u00eave, est \u00e0 jamais inaccessible, c\u2019est que, pour Freud,&nbsp;<em>raconter le r\u00eave<\/em>&nbsp;est encore r\u00eaver&nbsp;; n\u2019en pourrait-on pas d\u00e9duire par interversion que, dans certains cas sinon dans tous, r\u00eaver<em>&nbsp;est<\/em>&nbsp;raconter le r\u00eave&nbsp;?<\/p>\n\n\n\n<div style=\"height:100px\" aria-hidden=\"true\" class=\"wp-block-spacer\"><\/div>\n\n\n\n<div class=\"wp-block-columns is-layout-flex wp-container-core-columns-is-layout-9d6595d7 wp-block-columns-is-layout-flex\">\n<div class=\"wp-block-column is-layout-flow wp-block-column-is-layout-flow\">\n<p><a href=\"https:\/\/bonusscenescoupees.com\/?page_id=252\">page pr\u00e9c\u00e9dente<\/a><\/p>\n<\/div>\n\n\n\n<div class=\"wp-block-column is-layout-flow wp-block-column-is-layout-flow\">\n<p class=\"has-text-align-right\"><a href=\"https:\/\/bonusscenescoupees.com\/?page_id=305\">page suivante<\/a><\/p>\n<\/div>\n<\/div>\n","protected":false},"excerpt":{"rendered":"<p>Freud romancier Il est plus difficile, disait le cin\u00e9aste bosniaque Danis Tanovi\u0107, de r\u00e9aliser un documentaire qu\u2019un film de fiction&nbsp;: car le documentaire int\u00e8gre une trame narrative, une intrigue, mais&hellip;<\/p>\n","protected":false},"author":1,"featured_media":0,"parent":0,"menu_order":0,"comment_status":"closed","ping_status":"closed","template":"","meta":{"nf_dc_page":"","om_disable_all_campaigns":false,"WB4WB4WP_MODE":"","WB4WP_PAGE_SCRIPTS":"","WB4WP_PAGE_STYLES":"","WB4WP_PAGE_FONTS":"","WB4WP_PAGE_HEADER":"","WB4WP_PAGE_FOOTER":"","_monsterinsights_skip_tracking":false,"_monsterinsights_sitenote_active":false,"_monsterinsights_sitenote_note":"","_monsterinsights_sitenote_category":0,"footnotes":""},"class_list":["post-254","page","type-page","status-publish","hentry"],"aioseo_notices":[],"jetpack_sharing_enabled":true,"_links":{"self":[{"href":"https:\/\/bonusscenescoupees.com\/index.php?rest_route=\/wp\/v2\/pages\/254","targetHints":{"allow":["GET"]}}],"collection":[{"href":"https:\/\/bonusscenescoupees.com\/index.php?rest_route=\/wp\/v2\/pages"}],"about":[{"href":"https:\/\/bonusscenescoupees.com\/index.php?rest_route=\/wp\/v2\/types\/page"}],"author":[{"embeddable":true,"href":"https:\/\/bonusscenescoupees.com\/index.php?rest_route=\/wp\/v2\/users\/1"}],"replies":[{"embeddable":true,"href":"https:\/\/bonusscenescoupees.com\/index.php?rest_route=%2Fwp%2Fv2%2Fcomments&post=254"}],"version-history":[{"count":5,"href":"https:\/\/bonusscenescoupees.com\/index.php?rest_route=\/wp\/v2\/pages\/254\/revisions"}],"predecessor-version":[{"id":1173,"href":"https:\/\/bonusscenescoupees.com\/index.php?rest_route=\/wp\/v2\/pages\/254\/revisions\/1173"}],"wp:attachment":[{"href":"https:\/\/bonusscenescoupees.com\/index.php?rest_route=%2Fwp%2Fv2%2Fmedia&parent=254"}],"curies":[{"name":"wp","href":"https:\/\/api.w.org\/{rel}","templated":true}]}}