{"id":163,"date":"2021-07-30T11:50:38","date_gmt":"2021-07-30T09:50:38","guid":{"rendered":"https:\/\/bonusscenescoupees.com\/?page_id=163"},"modified":"2021-10-11T17:35:13","modified_gmt":"2021-10-11T15:35:13","slug":"one-chants-chance-out-between-two-worlds","status":"publish","type":"page","link":"https:\/\/bonusscenescoupees.com\/?page_id=163","title":{"rendered":"\u00ab One chance \/ chants out between two worlds \u00bb"},"content":{"rendered":"\n<div style=\"height:100px\" aria-hidden=\"true\" class=\"wp-block-spacer\"><\/div>\n\n\n\n<h3 class=\"has-text-align-center wp-block-heading\"><strong>\u00ab One chance \/ chants out between two worlds \u00bb<\/strong><\/h3>\n\n\n\n<div style=\"height:100px\" aria-hidden=\"true\" class=\"wp-block-spacer\"><\/div>\n\n\n\n<p><\/p>\n\n\n\n<p><\/p>\n\n\n\n<p><\/p>\n\n\n\n<p><\/p>\n\n\n\n<p><\/p>\n\n\n\n<p><\/p>\n\n\n\n<p><\/p>\n\n\n\n<p><\/p>\n\n\n\n<p class=\"has-text-align-justify custom-indent\">Les fans de&nbsp;<em>Twin Peaks<\/em>&nbsp;<a href=\"http:\/\/www.twinpeaksgazette.com\/community\/topic-topicid=730.cfm.html\">disputent eux-m\u00eames<\/a> de la fa\u00e7on d\u2019orthographier ce vers <a href=\"https:\/\/www.youtube.com\/watch?v=OWv3qfschlE\">d\u00e9clam\u00e9 \u00e0 plusieurs reprises<\/a> par MIKE \/ Philip Gerard \/&nbsp;<em>\u00ab&nbsp;The one-armed man&nbsp;\u00bb<\/em>. Si quelqu\u2019un \u00ab&nbsp;r\u00e9cite une formule magique entre deux mondes&nbsp;\u00bb, alors cette personne, selon toute vraisemblance, est BOB, l\u2019esprit mal\u00e9fique de la s\u00e9rie (dualisme inv\u00e9t\u00e9r\u00e9 de Lynch), toujours en qu\u00eate de nouveaux h\u00f4tes, BOB qui, par la formule&nbsp;<em>\u00ab&nbsp;Fire walk with me&nbsp;\u00bb<\/em>&nbsp;(\u00ab&nbsp;Que le feu soit avec moi&nbsp;\u00bb), invoque, avant de perp\u00e9trer un crime, les puissances mauvaises du monde onirique (monde dans lequel <a href=\"https:\/\/www.youtube.com\/watch?v=jBzOS2_mGAM\" target=\"_blank\" rel=\"noreferrer noopener\">de lointaines m\u00e9lodies de saxophone be-bop<\/a> semblent s\u2019\u00e9chapper d\u2019un bois de sycomores et d\u2019une \u00e9trange salle vide aux rideaux rouges).<\/p>\n\n\n\n<div class=\"wp-block-image\"><figure class=\"aligncenter size-full\"><img data-recalc-dims=\"1\" loading=\"lazy\" decoding=\"async\" width=\"497\" height=\"329\" src=\"https:\/\/i0.wp.com\/bonusscenescoupees.com\/wp-content\/uploads\/2021\/10\/Black-Lodge.png?resize=497%2C329&#038;ssl=1\" alt=\"\" class=\"wp-image-1337\" srcset=\"https:\/\/i0.wp.com\/bonusscenescoupees.com\/wp-content\/uploads\/2021\/10\/Black-Lodge.png?w=497&amp;ssl=1 497w, https:\/\/i0.wp.com\/bonusscenescoupees.com\/wp-content\/uploads\/2021\/10\/Black-Lodge.png?resize=300%2C199&amp;ssl=1 300w\" sizes=\"auto, (max-width: 497px) 100vw, 497px\" \/><figcaption>Glastonbury Grove, image libre de droits, disponible sur le Fandom Twin Peaks www.twinpeaks.fandom.com\/wiki\/<\/figcaption><\/figure><\/div>\n\n\n\n<p class=\"has-text-align-justify custom-indent\">De la m\u00eame fa\u00e7on, Schopenhauer, au moment o\u00f9 il veut pousser son investigation au-dessous du monde de la repr\u00e9sentation, celui qu\u2019encadrent l\u2019espace, le temps et la causalit\u00e9, pour regagner celui de la \u00ab&nbsp;chose en soi&nbsp;\u00bb, o\u00f9 ils n\u2019ont plus cours (car en effet&nbsp;<em>o\u00f9<\/em>&nbsp;se trouve la Red Room&nbsp;?&nbsp;<em>\u00ab&nbsp;<a href=\"https:\/\/www.youtube.com\/watch?v=dPIUjGMPQDQ\">Is it future, or is it past?<\/a>&nbsp;\u00bb<\/em>&nbsp;Et <a href=\"https:\/\/www.youtube.com\/watch?v=ab-l6vhq5vc\">quant \u00e0 la causalit\u00e9<\/a>\u2026), se met en peine d\u2019une porte extra-ph\u00e9nom\u00e9nale, et du&nbsp;<em>\u00ab&nbsp;S\u00e9same&nbsp;!&nbsp;\u00bb<\/em>&nbsp;capable de l\u2019ouvrir. Ce&nbsp;<em>\u00ab&nbsp;S\u00e9same&nbsp;!<\/em>&nbsp;<em>\u00bb,<\/em>&nbsp;il pense le trouver dans le mot \u00ab&nbsp;volont\u00e9&nbsp;\u00bb&nbsp;(et dans le&nbsp;<em>mot<\/em>&nbsp;lui-m\u00eame&nbsp;:&nbsp;<em>Le monde comme volont\u00e9 et comme repr\u00e9sentation<\/em>, \u00a7&nbsp;18, p. 141, trad. Burdeau).&nbsp;Quand puis-je, demande-t-il, \u00eatre certain que j\u2019aurai&nbsp;<em>voulu<\/em>&nbsp;un objet, et que je ne l\u2019aurai pas simplement d\u00e9sir\u00e9 ou souhait\u00e9&nbsp;? C\u2019est seulement lorsque j\u2019aurai mis mon corps en branle, que je l\u2019aurai m\u00fb, pour atteindre l\u2019objet.&nbsp;<em>Vouloir<\/em>&nbsp;est ainsi la seule op\u00e9ration o\u00f9 prennent part, imm\u00e9diatement et sans s\u00e9paration, du repr\u00e9sent\u00e9 (le corps), et un irrepr\u00e9sentable pourtant intuitionn\u00e9 (l\u2019acte de vouloir).<\/p>\n\n\n\n<p class=\"has-text-align-justify custom-indent\">Lorsque Bergson, dans&nbsp;<em>Mati\u00e8re et m\u00e9moire<\/em>, s\u2019attache \u00e0 d\u00e9finir la mati\u00e8re comme perception, il doit cependant distinguer entre la perception \u00ab&nbsp;consciente&nbsp;\u00bb (ma chambre, la rue, la ville o\u00f9 elle se trouve) et la perception \u00ab&nbsp;inconsciente&nbsp;\u00bb (tout le reste du monde, celui qui enveloppe le champ actuel de ma perception consciente). Il trouve le principe de cette distinction dans les pouvoirs effectifs de mon organisme, qui laisse luire ces quelques ar\u00eates du r\u00e9el sur lesquelles je puis agir, et \u00e9teint, \u00e9touffe, prive de saveur, d\u2019odeur et de contact, l\u2019immense r\u00e9gion sur laquelle je suis sans prise. Mais une action, si \u00e9l\u00e9mentaire soit-elle, prend du&nbsp;<em>temps<\/em>&nbsp;: et si le monde perceptif, selon Bergson, se redessine \u00e0 chaque moment de notre existence, ce moment lui-m\u00eame n\u2019est pas tout \u00e0 fait d\u00e9pourvu d\u2019\u00e9paisseur, il n\u2019est pas un \u00ab&nbsp;instant&nbsp;\u00bb, il est d\u00e9j\u00e0&nbsp;<em>vivant<\/em>, c\u2019est un&nbsp;<em>d\u00e9lai<\/em>&nbsp;pour notre intervention. On a cette fois l\u2019&nbsp;\u00ab&nbsp;occasion&nbsp;\u00bb&nbsp;<em>(\u00ab&nbsp;one&nbsp;chance&nbsp;out \u00bb)<\/em>&nbsp;d\u2019un passage entre deux mondes, celui de la perception chosique, universelle et endormie, et celui, beaucoup plus restreint mais aussi plus riche et&nbsp;<em>\u00ab&nbsp;picturesque&nbsp;\u00bb,<\/em>&nbsp;de la perception consciente. La voie de passage entre deux mondes (du jour vers la nuit chez Lynch et Schopenhauer, de la nuit vers le jour chez Bergson, trois penseurs chez qui pourtant la \u00ab&nbsp;nuit&nbsp;\u00bb est davantage r\u00e9elle) cesse alors d\u2019\u00eatre spatiale, elle n\u2019est plus porte ou perc\u00e9e, elle devient temporelle.<\/p>\n\n\n\n<p class=\"has-text-align-justify custom-indent\">Et voil\u00e0 pourquoi, chez Lynch, c\u2019est \u00e9galement \u00e0 une&nbsp;<em>occasion<\/em>&nbsp;bien pr\u00e9cise, sous certaines conditions astronomiques bien d\u00e9termin\u00e9es, que, tous les vingt-cinq ans, la porte s\u2019ouvre \u00e0 nouveau, celle qui s\u00e9pare le monde ph\u00e9nom\u00e9nal-diurne des humains de la \u00ab&nbsp;Black Lodge&nbsp;\u00bb, monde onirique-nocturne.&nbsp;<em>\u00ab&nbsp;One chance-chants out between two worlds&nbsp;\u00bb<\/em>.<\/p>\n\n\n\n<div style=\"height:100px\" aria-hidden=\"true\" class=\"wp-block-spacer\"><\/div>\n\n\n\n<div class=\"wp-block-columns is-layout-flex wp-container-core-columns-is-layout-9d6595d7 wp-block-columns-is-layout-flex\">\n<div class=\"wp-block-column is-layout-flow wp-block-column-is-layout-flow\">\n<p><a href=\"https:\/\/bonusscenescoupees.com\/?page_id=307\">page pr\u00e9c\u00e9dente<\/a><\/p>\n<\/div>\n\n\n\n<div class=\"wp-block-column is-layout-flow wp-block-column-is-layout-flow\">\n<p class=\"has-text-align-right\"><a href=\"https:\/\/bonusscenescoupees.com\/?page_id=310\">page suivante<\/a><\/p>\n<\/div>\n<\/div>\n","protected":false},"excerpt":{"rendered":"<p>\u00ab One chance \/ chants out between two worlds \u00bb Les fans de&nbsp;Twin Peaks&nbsp;disputent eux-m\u00eames de la fa\u00e7on d\u2019orthographier ce vers d\u00e9clam\u00e9 \u00e0 plusieurs reprises par MIKE \/ Philip Gerard&hellip;<\/p>\n","protected":false},"author":1,"featured_media":0,"parent":0,"menu_order":0,"comment_status":"closed","ping_status":"closed","template":"","meta":{"nf_dc_page":"","om_disable_all_campaigns":false,"WB4WB4WP_MODE":"","WB4WP_PAGE_SCRIPTS":"","WB4WP_PAGE_STYLES":"","WB4WP_PAGE_FONTS":"","WB4WP_PAGE_HEADER":"","WB4WP_PAGE_FOOTER":"","_monsterinsights_skip_tracking":false,"_monsterinsights_sitenote_active":false,"_monsterinsights_sitenote_note":"","_monsterinsights_sitenote_category":0,"footnotes":""},"class_list":["post-163","page","type-page","status-publish","hentry"],"aioseo_notices":[],"jetpack_sharing_enabled":true,"_links":{"self":[{"href":"https:\/\/bonusscenescoupees.com\/index.php?rest_route=\/wp\/v2\/pages\/163","targetHints":{"allow":["GET"]}}],"collection":[{"href":"https:\/\/bonusscenescoupees.com\/index.php?rest_route=\/wp\/v2\/pages"}],"about":[{"href":"https:\/\/bonusscenescoupees.com\/index.php?rest_route=\/wp\/v2\/types\/page"}],"author":[{"embeddable":true,"href":"https:\/\/bonusscenescoupees.com\/index.php?rest_route=\/wp\/v2\/users\/1"}],"replies":[{"embeddable":true,"href":"https:\/\/bonusscenescoupees.com\/index.php?rest_route=%2Fwp%2Fv2%2Fcomments&post=163"}],"version-history":[{"count":5,"href":"https:\/\/bonusscenescoupees.com\/index.php?rest_route=\/wp\/v2\/pages\/163\/revisions"}],"predecessor-version":[{"id":1393,"href":"https:\/\/bonusscenescoupees.com\/index.php?rest_route=\/wp\/v2\/pages\/163\/revisions\/1393"}],"wp:attachment":[{"href":"https:\/\/bonusscenescoupees.com\/index.php?rest_route=%2Fwp%2Fv2%2Fmedia&parent=163"}],"curies":[{"name":"wp","href":"https:\/\/api.w.org\/{rel}","templated":true}]}}