{"id":1012,"date":"2021-08-28T14:57:30","date_gmt":"2021-08-28T12:57:30","guid":{"rendered":"https:\/\/bonusscenescoupees.com\/?page_id=1012"},"modified":"2021-09-02T15:04:05","modified_gmt":"2021-09-02T13:04:05","slug":"le-cynisme-a-rebours-2","status":"publish","type":"page","link":"https:\/\/bonusscenescoupees.com\/?page_id=1012","title":{"rendered":"Le cynisme \u00e0 rebours"},"content":{"rendered":"\n<div style=\"height:100px\" aria-hidden=\"true\" class=\"wp-block-spacer\"><\/div>\n\n\n\n<h3 class=\"has-text-align-center wp-block-heading\"><strong>Le cynisme \u00e0 rebours<\/strong><\/h3>\n\n\n\n<div class=\"wp-block-image is-style-default\"><figure class=\"aligncenter size-medium is-resized\"><img data-recalc-dims=\"1\" loading=\"lazy\" decoding=\"async\" src=\"https:\/\/i0.wp.com\/bonusscenescoupees.com\/wp-content\/uploads\/2021\/08\/Diogene.jpg?resize=650%2C448&#038;ssl=1\" alt=\"\" class=\"wp-image-1021\" width=\"650\" height=\"448\" srcset=\"https:\/\/i0.wp.com\/bonusscenescoupees.com\/wp-content\/uploads\/2021\/08\/Diogene.jpg?resize=300%2C207&amp;ssl=1 300w, https:\/\/i0.wp.com\/bonusscenescoupees.com\/wp-content\/uploads\/2021\/08\/Diogene.jpg?resize=1024%2C707&amp;ssl=1 1024w, https:\/\/i0.wp.com\/bonusscenescoupees.com\/wp-content\/uploads\/2021\/08\/Diogene.jpg?resize=768%2C530&amp;ssl=1 768w, https:\/\/i0.wp.com\/bonusscenescoupees.com\/wp-content\/uploads\/2021\/08\/Diogene.jpg?resize=1536%2C1060&amp;ssl=1 1536w, https:\/\/i0.wp.com\/bonusscenescoupees.com\/wp-content\/uploads\/2021\/08\/Diogene.jpg?resize=2048%2C1413&amp;ssl=1 2048w\" sizes=\"auto, (max-width: 650px) 100vw, 650px\" \/><figcaption>Agostino Veneziano, <em>Diog\u00e8ne<\/em> (vers 1515), New York, Metropolitan Museum of Art, image lib\u00e9r\u00e9e de droits par le mus\u00e9e<\/figcaption><\/figure><\/div>\n\n\n\n<p><\/p>\n\n\n\n<p><\/p>\n\n\n\n<p><\/p>\n\n\n\n<p><\/p>\n\n\n\n<p><\/p>\n\n\n\n<p class=\"has-text-align-justify custom-indent\">Le cynique est celui qui, en \u00e9talant complaisamment ses vices aux yeux de tous, leur laisse entendre qu\u2019ils sont \u00e9galement les leurs. \u00ab&nbsp;Tu es cela&nbsp;\u00bb, toi aussi. On pourrait d\u00e8s lors appeler \u00ab&nbsp;cynique \u00e0 rebours&nbsp;\u00bb celui ou celle qui, croyant pointer avec sagacit\u00e9 les vices ou les d\u00e9fauts d\u2019autrui, exhibe en r\u00e9alit\u00e9, quoique sans y prendre garde, ses propres d\u00e9ficiences (ou ce qu\u2019il ou elle consid\u00e8re comme tel). Au moraliste qui nous objecte que nous sommes g\u00e9n\u00e9reux par mauvaise conscience, qu\u2019il soit donc loisible de r\u00e9pondre&nbsp;: \u00ab&nbsp;Vous peut-\u00eatre, mais pas moi&nbsp;\u00bb. Et du reste, qu\u2019ont \u00e0 voir ici les&nbsp;<em>intentions<\/em>&nbsp;? Les int\u00e9r\u00eats de l\u2019entraide et de la solidarit\u00e9 sont bien mieux servis par un g\u00e9n\u00e9reux \u00e0 mauvaise conscience que par un \u00e9go\u00efste \u00e0 bonne conscience.<\/p>\n\n\n\n<div style=\"height:100px\" aria-hidden=\"true\" class=\"wp-block-spacer\"><\/div>\n\n\n\n<div class=\"wp-block-columns is-layout-flex wp-container-core-columns-is-layout-9d6595d7 wp-block-columns-is-layout-flex\">\n<div class=\"wp-block-column is-layout-flow wp-block-column-is-layout-flow\">\n<p><a href=\"https:\/\/bonusscenescoupees.com\/?page_id=278\">page pr\u00e9c\u00e9dente<\/a><\/p>\n<\/div>\n\n\n\n<div class=\"wp-block-column is-layout-flow wp-block-column-is-layout-flow\">\n<p class=\"has-text-align-right\"><a href=\"https:\/\/bonusscenescoupees.com\/?page_id=81\">page suivante<\/a><\/p>\n<\/div>\n<\/div>\n","protected":false},"excerpt":{"rendered":"<p>Le cynisme \u00e0 rebours Le cynique est celui qui, en \u00e9talant complaisamment ses vices aux yeux de tous, leur laisse entendre qu\u2019ils sont \u00e9galement les leurs. \u00ab&nbsp;Tu es cela&nbsp;\u00bb, toi&hellip;<\/p>\n","protected":false},"author":1,"featured_media":0,"parent":0,"menu_order":0,"comment_status":"closed","ping_status":"closed","template":"","meta":{"nf_dc_page":"","om_disable_all_campaigns":false,"WB4WB4WP_MODE":"","WB4WP_PAGE_SCRIPTS":"","WB4WP_PAGE_STYLES":"","WB4WP_PAGE_FONTS":"","WB4WP_PAGE_HEADER":"","WB4WP_PAGE_FOOTER":"","_monsterinsights_skip_tracking":false,"_monsterinsights_sitenote_active":false,"_monsterinsights_sitenote_note":"","_monsterinsights_sitenote_category":0,"footnotes":""},"class_list":["post-1012","page","type-page","status-publish","hentry"],"aioseo_notices":[],"jetpack_sharing_enabled":true,"_links":{"self":[{"href":"https:\/\/bonusscenescoupees.com\/index.php?rest_route=\/wp\/v2\/pages\/1012","targetHints":{"allow":["GET"]}}],"collection":[{"href":"https:\/\/bonusscenescoupees.com\/index.php?rest_route=\/wp\/v2\/pages"}],"about":[{"href":"https:\/\/bonusscenescoupees.com\/index.php?rest_route=\/wp\/v2\/types\/page"}],"author":[{"embeddable":true,"href":"https:\/\/bonusscenescoupees.com\/index.php?rest_route=\/wp\/v2\/users\/1"}],"replies":[{"embeddable":true,"href":"https:\/\/bonusscenescoupees.com\/index.php?rest_route=%2Fwp%2Fv2%2Fcomments&post=1012"}],"version-history":[{"count":5,"href":"https:\/\/bonusscenescoupees.com\/index.php?rest_route=\/wp\/v2\/pages\/1012\/revisions"}],"predecessor-version":[{"id":1037,"href":"https:\/\/bonusscenescoupees.com\/index.php?rest_route=\/wp\/v2\/pages\/1012\/revisions\/1037"}],"wp:attachment":[{"href":"https:\/\/bonusscenescoupees.com\/index.php?rest_route=%2Fwp%2Fv2%2Fmedia&parent=1012"}],"curies":[{"name":"wp","href":"https:\/\/api.w.org\/{rel}","templated":true}]}}